{"id":10203,"date":"2022-03-11T11:58:27","date_gmt":"2022-03-11T11:58:27","guid":{"rendered":"https:\/\/www.navarrotecnics.com\/blog-2\/"},"modified":"2022-03-24T07:28:49","modified_gmt":"2022-03-24T07:28:49","slug":"blog","status":"publish","type":"page","link":"https:\/\/www.navarrotecnics.com\/es\/blog\/","title":{"rendered":"Blog"},"content":{"rendered":"\t\t<div data-elementor-type=\"wp-page\" data-elementor-id=\"10203\" class=\"elementor elementor-10203 elementor-7702\">\n\t\t\t\t\t\t\t\t\t<div class=\"elementor-section elementor-top-section elementor-element elementor-element-f84d5b4 elementor-section-boxed elementor-section-height-default elementor-section-height-default\" data-id=\"f84d5b4\" data-element_type=\"section\">\n\t\t\t\t\t\t<div class=\"elementor-container elementor-column-gap-no\">\n\t\t\t\t\t<div class=\"elementor-column elementor-col-100 elementor-top-column elementor-element elementor-element-ce6d588 lakit-col-width-auto-no\" data-id=\"ce6d588\" data-element_type=\"column\">\n\t\t\t<div class=\"elementor-widget-wrap elementor-element-populated\">\n\t\t\t\t\t\t\t\t<div class=\"elementor-element elementor-element-2341702 elementor-invisible lakit-has-entrance-animation elementor-widget elementor-widget-heading\" data-id=\"2341702\" data-element_type=\"widget\" data-settings=\"{&quot;_animation&quot;:&quot;lakitShortFadeInUp&quot;,&quot;_animation_delay&quot;:200}\" data-widget_type=\"heading.default\">\n\t\t\t\t<div class=\"elementor-widget-container\">\n\t\t\t<style>\/*! elementor - v3.8.1 - 13-11-2022 *\/\n.elementor-heading-title{padding:0;margin:0;line-height:1}.elementor-widget-heading .elementor-heading-title[class*=elementor-size-]>a{color:inherit;font-size:inherit;line-height:inherit}.elementor-widget-heading .elementor-heading-title.elementor-size-small{font-size:15px}.elementor-widget-heading .elementor-heading-title.elementor-size-medium{font-size:19px}.elementor-widget-heading .elementor-heading-title.elementor-size-large{font-size:29px}.elementor-widget-heading .elementor-heading-title.elementor-size-xl{font-size:39px}.elementor-widget-heading .elementor-heading-title.elementor-size-xxl{font-size:59px}<\/style><h1 class=\"elementor-heading-title elementor-size-default\">BL<span class=\"bghalf bghalftop\">O<\/span><span class=\"bghalf bghalfbottom\">G<\/span>S<\/h1>\t\t<\/div>\n\t\t\t\t<\/div>\n\t\t\t\t\t<\/div>\n\t\t<\/div>\n\t\t\t\t\t\t\t<\/div>\n\t\t<\/div>\n\t\t\t\t<div class=\"elementor-section elementor-top-section elementor-element elementor-element-1720026 elementor-section-boxed elementor-section-height-default elementor-section-height-default\" data-id=\"1720026\" data-element_type=\"section\">\n\t\t\t\t\t\t<div class=\"elementor-container elementor-column-gap-no\">\n\t\t\t\t\t<div class=\"elementor-column elementor-col-100 elementor-top-column elementor-element elementor-element-e6098fe lakit-col-width-auto-no\" data-id=\"e6098fe\" data-element_type=\"column\">\n\t\t\t<div class=\"elementor-widget-wrap elementor-element-populated\">\n\t\t\t\t\t\t\t\t<div class=\"elementor-element elementor-element-9d15e8d active-object-fit active-object-fit-true lakit-carousel-item-effect-slide lakit-arrow--showonhover-no lakit-dots--vertical-no elementor-invisible lakit-has-entrance-animation elementor-widget lastudio-kit elementor-lakit-gposts elementor-lakit-posts\" data-id=\"9d15e8d\" data-element_type=\"widget\" data-settings=\"{&quot;_animation&quot;:&quot;lakitShortFadeInUp&quot;,&quot;_animation_delay&quot;:400}\" data-widget_type=\"lakit-posts.default\">\n\t\t\t\t<div class=\"elementor-widget-container\">\n\t\t\t\n<div id=\"lapost_9d15e8d\" class=\"lakit-posts layout-type-grid preset-grid-1 querycpt--post lakit-posts--grid\" data-item_selector=\".lakit-posts__item\" >        <div class=\"lakit-posts__list_wrapper\">\n            <div class=\"lakit-posts__list col-row\">\n            <div class=\"lakit-posts__item has-post-thumbnail cpt-post col-desk-3 col-tabp-2 col-tab-3 col-lap-3\">\n    <div class=\"lakit-posts__outer-box\">\n        <div class=\"lakit-posts__inner-box\">            <div class=\"post-thumbnail lakit-posts__thumbnail\">\n                <a href=\"https:\/\/www.navarrotecnics.com\/es\/edificio-de-construccion-moderna-2008\/\" class=\"lakit-posts__thumbnail-link\"><img loading=\"lazy\" decoding=\"async\" width=\"835\" height=\"408\" style=\"--img-height:408px\" src=\"https:\/\/www.navarrotecnics.com\/wp-content\/uploads\/2022\/03\/single-post-2-2.jpg\" class=\"lakit-posts__thumbnail-img wp-post-image la-lazyload-image wp-post-image\" alt=\"\" \/><\/a>\n                                \n                            <\/div>\n        <div class=\"lakit-posts__inner-content\"><div class=\"lakit-posts__inner-content-inner\"><div class=\"lakit-posts__meta lakit-posts__meta1\"><div class=\"lakit-posts__meta__item lakit-posts__meta__item--date post__date\"><span class=\"meta--value\">marzo 13, 2022<\/span><\/div><\/div><h3 class=\"lakit-posts__title\"><a href=\"https:\/\/www.navarrotecnics.com\/es\/edificio-de-construccion-moderna-2008\/\" title=\"Edificio de construcci\u00f3n moderna 2008\" rel=\"bookmark\">Edificio de construcci\u00f3n moderna 2008<\/a><\/h3><div class=\"lakit-posts__more-wrap lakit-btn-more-wrap\"><a href=\"https:\/\/www.navarrotecnics.com\/es\/edificio-de-construccion-moderna-2008\/\" class=\"elementor-button lakit-posts__btn-more lakit-btn-more\" title=\"Edificio de construcci\u00f3n moderna 2008\" rel=\"bookmark\"><span class=\"btn__text\"><\/span><span class=\"lakit-btn-more-icon\"><i aria-hidden=\"true\" class=\"lastudioicon lastudioicon-e-add\"><\/i><\/span><\/a><\/div><\/div><\/div><\/div>\n    <\/div>\n<\/div><div class=\"lakit-posts__item has-post-thumbnail cpt-post col-desk-3 col-tabp-2 col-tab-3 col-lap-3\">\n    <div class=\"lakit-posts__outer-box\">\n        <div class=\"lakit-posts__inner-box\">            <div class=\"post-thumbnail lakit-posts__thumbnail\">\n                <a href=\"https:\/\/www.navarrotecnics.com\/es\/edificio-de-construccion-moderna-2008-2\/\" class=\"lakit-posts__thumbnail-link\"><img loading=\"lazy\" decoding=\"async\" width=\"835\" height=\"500\" style=\"--img-height:500px\" src=\"https:\/\/www.navarrotecnics.com\/wp-content\/uploads\/2022\/03\/single-post-1.jpg\" class=\"lakit-posts__thumbnail-img wp-post-image la-lazyload-image wp-post-image\" alt=\"\" \/><\/a>\n                                \n                            <\/div>\n        <div class=\"lakit-posts__inner-content\"><div class=\"lakit-posts__inner-content-inner\"><div class=\"lakit-posts__meta lakit-posts__meta1\"><div class=\"lakit-posts__meta__item lakit-posts__meta__item--date post__date\"><span class=\"meta--value\">marzo 13, 2022<\/span><\/div><\/div><h3 class=\"lakit-posts__title\"><a href=\"https:\/\/www.navarrotecnics.com\/es\/edificio-de-construccion-moderna-2008-2\/\" title=\"Edificio de construcci\u00f3n moderna 2008\" rel=\"bookmark\">Edificio de construcci\u00f3n moderna 2008<\/a><\/h3><div class=\"lakit-posts__more-wrap lakit-btn-more-wrap\"><a href=\"https:\/\/www.navarrotecnics.com\/es\/edificio-de-construccion-moderna-2008-2\/\" class=\"elementor-button lakit-posts__btn-more lakit-btn-more\" title=\"Edificio de construcci\u00f3n moderna 2008\" rel=\"bookmark\"><span class=\"btn__text\"><\/span><span class=\"lakit-btn-more-icon\"><i aria-hidden=\"true\" class=\"lastudioicon lastudioicon-e-add\"><\/i><\/span><\/a><\/div><\/div><\/div><\/div>\n    <\/div>\n<\/div><div class=\"lakit-posts__item has-post-thumbnail cpt-post col-desk-3 col-tabp-2 col-tab-3 col-lap-3\">\n    <div class=\"lakit-posts__outer-box\">\n        <div class=\"lakit-posts__inner-box\">            <div class=\"post-thumbnail lakit-posts__thumbnail\">\n                <a href=\"https:\/\/www.navarrotecnics.com\/es\/edificio-de-construccion-moderna-2008-3\/\" class=\"lakit-posts__thumbnail-link\"><img loading=\"lazy\" decoding=\"async\" width=\"835\" height=\"408\" style=\"--img-height:408px\" src=\"https:\/\/www.navarrotecnics.com\/wp-content\/uploads\/2022\/03\/single-post-2-2.jpg\" class=\"lakit-posts__thumbnail-img wp-post-image la-lazyload-image wp-post-image\" alt=\"\" \/><\/a>\n                                \n                            <\/div>\n        <div class=\"lakit-posts__inner-content\"><div class=\"lakit-posts__inner-content-inner\"><div class=\"lakit-posts__meta lakit-posts__meta1\"><div class=\"lakit-posts__meta__item lakit-posts__meta__item--date post__date\"><span class=\"meta--value\">marzo 13, 2022<\/span><\/div><\/div><h3 class=\"lakit-posts__title\"><a href=\"https:\/\/www.navarrotecnics.com\/es\/edificio-de-construccion-moderna-2008-3\/\" title=\"Edificio de construcci\u00f3n moderna 2008\" rel=\"bookmark\">Edificio de construcci\u00f3n moderna 2008<\/a><\/h3><div class=\"lakit-posts__more-wrap lakit-btn-more-wrap\"><a href=\"https:\/\/www.navarrotecnics.com\/es\/edificio-de-construccion-moderna-2008-3\/\" class=\"elementor-button lakit-posts__btn-more lakit-btn-more\" title=\"Edificio de construcci\u00f3n moderna 2008\" rel=\"bookmark\"><span class=\"btn__text\"><\/span><span class=\"lakit-btn-more-icon\"><i aria-hidden=\"true\" class=\"lastudioicon lastudioicon-e-add\"><\/i><\/span><\/a><\/div><\/div><\/div><\/div>\n    <\/div>\n<\/div><div class=\"lakit-posts__item has-post-thumbnail cpt-post col-desk-3 col-tabp-2 col-tab-3 col-lap-3\">\n    <div class=\"lakit-posts__outer-box\">\n        <div class=\"lakit-posts__inner-box\">            <div class=\"post-thumbnail lakit-posts__thumbnail\">\n                <a href=\"https:\/\/www.navarrotecnics.com\/es\/edificio-de-construccion-moderna-2008-4\/\" class=\"lakit-posts__thumbnail-link\"><img loading=\"lazy\" decoding=\"async\" width=\"835\" height=\"408\" style=\"--img-height:408px\" src=\"https:\/\/www.navarrotecnics.com\/wp-content\/uploads\/2022\/03\/single-post-2-2.jpg\" class=\"lakit-posts__thumbnail-img wp-post-image la-lazyload-image wp-post-image\" alt=\"\" \/><\/a>\n                                \n                            <\/div>\n        <div class=\"lakit-posts__inner-content\"><div class=\"lakit-posts__inner-content-inner\"><div class=\"lakit-posts__meta lakit-posts__meta1\"><div class=\"lakit-posts__meta__item lakit-posts__meta__item--date post__date\"><span class=\"meta--value\">marzo 13, 2022<\/span><\/div><\/div><h3 class=\"lakit-posts__title\"><a href=\"https:\/\/www.navarrotecnics.com\/es\/edificio-de-construccion-moderna-2008-4\/\" title=\"Edificio de construcci\u00f3n moderna 2008\" rel=\"bookmark\">Edificio de construcci\u00f3n moderna 2008<\/a><\/h3><div class=\"lakit-posts__more-wrap lakit-btn-more-wrap\"><a href=\"https:\/\/www.navarrotecnics.com\/es\/edificio-de-construccion-moderna-2008-4\/\" class=\"elementor-button lakit-posts__btn-more lakit-btn-more\" title=\"Edificio de construcci\u00f3n moderna 2008\" rel=\"bookmark\"><span class=\"btn__text\"><\/span><span class=\"lakit-btn-more-icon\"><i aria-hidden=\"true\" class=\"lastudioicon lastudioicon-e-add\"><\/i><\/span><\/a><\/div><\/div><\/div><\/div>\n    <\/div>\n<\/div><div class=\"lakit-posts__item cpt-post col-desk-3 col-tabp-2 col-tab-3 col-lap-3\">\n    <div class=\"lakit-posts__outer-box\">\n        <div class=\"lakit-posts__inner-box\"><div class=\"lakit-posts__inner-content\"><div class=\"lakit-posts__inner-content-inner\"><div class=\"lakit-posts__meta lakit-posts__meta1\"><div class=\"lakit-posts__meta__item lakit-posts__meta__item--date post__date\"><span class=\"meta--value\">marzo 13, 2022<\/span><\/div><\/div><h3 class=\"lakit-posts__title\"><a href=\"https:\/\/www.navarrotecnics.com\/es\/edificio-de-construccion-moderna-2008-6\/\" title=\"Edificio de construcci\u00f3n moderna 2008\" rel=\"bookmark\">Edificio de construcci\u00f3n moderna 2008<\/a><\/h3><div class=\"lakit-posts__more-wrap lakit-btn-more-wrap\"><a href=\"https:\/\/www.navarrotecnics.com\/es\/edificio-de-construccion-moderna-2008-6\/\" class=\"elementor-button lakit-posts__btn-more lakit-btn-more\" title=\"Edificio de construcci\u00f3n moderna 2008\" rel=\"bookmark\"><span class=\"btn__text\"><\/span><span class=\"lakit-btn-more-icon\"><i aria-hidden=\"true\" class=\"lastudioicon lastudioicon-e-add\"><\/i><\/span><\/a><\/div><\/div><\/div><\/div>\n    <\/div>\n<\/div><div class=\"lakit-posts__item has-post-thumbnail cpt-post col-desk-3 col-tabp-2 col-tab-3 col-lap-3\">\n    <div class=\"lakit-posts__outer-box\">\n        <div class=\"lakit-posts__inner-box\">            <div class=\"post-thumbnail lakit-posts__thumbnail\">\n                <a href=\"https:\/\/www.navarrotecnics.com\/es\/edificio-de-construccion-moderna-2008-5\/\" class=\"lakit-posts__thumbnail-link\"><img loading=\"lazy\" decoding=\"async\" width=\"835\" height=\"500\" style=\"--img-height:500px\" src=\"https:\/\/www.navarrotecnics.com\/wp-content\/uploads\/2022\/03\/single-post-1.jpg\" class=\"lakit-posts__thumbnail-img wp-post-image la-lazyload-image wp-post-image\" alt=\"\" \/><\/a>\n                                \n                            <\/div>\n        <div class=\"lakit-posts__inner-content\"><div class=\"lakit-posts__inner-content-inner\"><div class=\"lakit-posts__meta lakit-posts__meta1\"><div class=\"lakit-posts__meta__item lakit-posts__meta__item--date post__date\"><span class=\"meta--value\">marzo 13, 2022<\/span><\/div><\/div><h3 class=\"lakit-posts__title\"><a href=\"https:\/\/www.navarrotecnics.com\/es\/edificio-de-construccion-moderna-2008-5\/\" title=\"Edificio de construcci\u00f3n moderna 2008\" rel=\"bookmark\">Edificio de construcci\u00f3n moderna 2008<\/a><\/h3><div class=\"lakit-posts__more-wrap lakit-btn-more-wrap\"><a href=\"https:\/\/www.navarrotecnics.com\/es\/edificio-de-construccion-moderna-2008-5\/\" class=\"elementor-button lakit-posts__btn-more lakit-btn-more\" title=\"Edificio de construcci\u00f3n moderna 2008\" rel=\"bookmark\"><span class=\"btn__text\"><\/span><span class=\"lakit-btn-more-icon\"><i aria-hidden=\"true\" class=\"lastudioicon lastudioicon-e-add\"><\/i><\/span><\/a><\/div><\/div><\/div><\/div>\n    <\/div>\n<\/div>            <\/div>\n        <\/div>\n    \n    <\/div>\t\t<\/div>\n\t\t\t\t<\/div>\n\t\t\t\t\t<\/div>\n\t\t<\/div>\n\t\t\t\t\t\t\t<\/div>\n\t\t<\/div>\n\t\t\t\t\t\t\t<\/div>\n\t\t","protected":false},"excerpt":{"rendered":"<p>BLOGS mar\u00e7 13, 2022 Edificio de construcci\u00f3n moderna 2008&nbsp; mar\u00e7 13, 2022 Edificio de construcci\u00f3n moderna 2008&nbsp; mar\u00e7 13, 2022 Edificio de construcci\u00f3n moderna 2008&nbsp; mar\u00e7 13, 2022 Edificio de construcci\u00f3n moderna 2008&nbsp; mar\u00e7 13, 2022 Edificio [&hellip;]<\/p>\n","protected":false},"author":1,"featured_media":0,"parent":0,"menu_order":0,"comment_status":"closed","ping_status":"closed","template":"","meta":{"inline_featured_image":false,"footnotes":""},"class_list":["post-10203","page","type-page","status-publish","hentry"],"yoast_head":"<!-- This site is optimized with the Yoast SEO plugin v20.3 - https:\/\/yoast.com\/wordpress\/plugins\/seo\/ -->\n<title>Blog - Navarro T\u00e8cnics<\/title>\n<meta name=\"robots\" content=\"index, follow, max-snippet:-1, max-image-preview:large, max-video-preview:-1\" \/>\n<link rel=\"canonical\" href=\"https:\/\/www.navarrotecnics.com\/es\/blog\/\" \/>\n<meta property=\"og:locale\" content=\"es_ES\" \/>\n<meta property=\"og:type\" content=\"article\" \/>\n<meta property=\"og:title\" content=\"Blog - Navarro T\u00e8cnics\" \/>\n<meta property=\"og:description\" content=\"BLOGS mar\u00e7 13, 2022 Edificio de construcci\u00f3n moderna 2008&nbsp; mar\u00e7 13, 2022 Edificio de construcci\u00f3n moderna 2008&nbsp; mar\u00e7 13, 2022 Edificio de construcci\u00f3n moderna 2008&nbsp; mar\u00e7 13, 2022 Edificio de construcci\u00f3n moderna 2008&nbsp; mar\u00e7 13, 2022 Edificio [&hellip;]\" \/>\n<meta property=\"og:url\" content=\"https:\/\/www.navarrotecnics.com\/es\/blog\/\" \/>\n<meta property=\"og:site_name\" content=\"Navarro T\u00e8cnics\" \/>\n<meta property=\"article:modified_time\" content=\"2022-03-24T07:28:49+00:00\" \/>\n<meta property=\"og:image\" content=\"https:\/\/www.navarrotecnics.com\/wp-content\/uploads\/2022\/03\/single-post-2-2.jpg\" \/>\n<meta name=\"twitter:card\" content=\"summary_large_image\" \/>\n<meta name=\"twitter:label1\" content=\"Tiempo de lectura\" \/>\n\t<meta name=\"twitter:data1\" content=\"2 minutos\" \/>\n<script type=\"application\/ld+json\" class=\"yoast-schema-graph\">{\"@context\":\"https:\/\/schema.org\",\"@graph\":[{\"@type\":\"WebPage\",\"@id\":\"https:\/\/www.navarrotecnics.com\/es\/blog\/\",\"url\":\"https:\/\/www.navarrotecnics.com\/es\/blog\/\",\"name\":\"Blog - Navarro T\u00e8cnics\",\"isPartOf\":{\"@id\":\"https:\/\/www.navarrotecnics.com\/#website\"},\"datePublished\":\"2022-03-11T11:58:27+00:00\",\"dateModified\":\"2022-03-24T07:28:49+00:00\",\"breadcrumb\":{\"@id\":\"https:\/\/www.navarrotecnics.com\/es\/blog\/#breadcrumb\"},\"inLanguage\":\"es\",\"potentialAction\":[{\"@type\":\"ReadAction\",\"target\":[\"https:\/\/www.navarrotecnics.com\/es\/blog\/\"]}]},{\"@type\":\"BreadcrumbList\",\"@id\":\"https:\/\/www.navarrotecnics.com\/es\/blog\/#breadcrumb\",\"itemListElement\":[{\"@type\":\"ListItem\",\"position\":1,\"name\":\"Portada\",\"item\":\"https:\/\/www.navarrotecnics.com\/es\/\"},{\"@type\":\"ListItem\",\"position\":2,\"name\":\"Blog\"}]},{\"@type\":\"WebSite\",\"@id\":\"https:\/\/www.navarrotecnics.com\/#website\",\"url\":\"https:\/\/www.navarrotecnics.com\/\",\"name\":\"Navarro T\u00e8cnics\",\"description\":\"Especialistes en el camp de la construcci\u00f3\",\"potentialAction\":[{\"@type\":\"SearchAction\",\"target\":{\"@type\":\"EntryPoint\",\"urlTemplate\":\"https:\/\/www.navarrotecnics.com\/?s={search_term_string}\"},\"query-input\":\"required name=search_term_string\"}],\"inLanguage\":\"es\"}]}<\/script>\n<!-- \/ Yoast SEO plugin. -->","yoast_head_json":{"title":"Blog - Navarro T\u00e8cnics","robots":{"index":"index","follow":"follow","max-snippet":"max-snippet:-1","max-image-preview":"max-image-preview:large","max-video-preview":"max-video-preview:-1"},"canonical":"https:\/\/www.navarrotecnics.com\/es\/blog\/","og_locale":"es_ES","og_type":"article","og_title":"Blog - Navarro T\u00e8cnics","og_description":"BLOGS mar\u00e7 13, 2022 Edificio de construcci\u00f3n moderna 2008&nbsp; mar\u00e7 13, 2022 Edificio de construcci\u00f3n moderna 2008&nbsp; mar\u00e7 13, 2022 Edificio de construcci\u00f3n moderna 2008&nbsp; mar\u00e7 13, 2022 Edificio de construcci\u00f3n moderna 2008&nbsp; mar\u00e7 13, 2022 Edificio [&hellip;]","og_url":"https:\/\/www.navarrotecnics.com\/es\/blog\/","og_site_name":"Navarro T\u00e8cnics","article_modified_time":"2022-03-24T07:28:49+00:00","og_image":[{"url":"https:\/\/www.navarrotecnics.com\/wp-content\/uploads\/2022\/03\/single-post-2-2.jpg"}],"twitter_card":"summary_large_image","twitter_misc":{"Tiempo de lectura":"2 minutos"},"schema":{"@context":"https:\/\/schema.org","@graph":[{"@type":"WebPage","@id":"https:\/\/www.navarrotecnics.com\/es\/blog\/","url":"https:\/\/www.navarrotecnics.com\/es\/blog\/","name":"Blog - Navarro T\u00e8cnics","isPartOf":{"@id":"https:\/\/www.navarrotecnics.com\/#website"},"datePublished":"2022-03-11T11:58:27+00:00","dateModified":"2022-03-24T07:28:49+00:00","breadcrumb":{"@id":"https:\/\/www.navarrotecnics.com\/es\/blog\/#breadcrumb"},"inLanguage":"es","potentialAction":[{"@type":"ReadAction","target":["https:\/\/www.navarrotecnics.com\/es\/blog\/"]}]},{"@type":"BreadcrumbList","@id":"https:\/\/www.navarrotecnics.com\/es\/blog\/#breadcrumb","itemListElement":[{"@type":"ListItem","position":1,"name":"Portada","item":"https:\/\/www.navarrotecnics.com\/es\/"},{"@type":"ListItem","position":2,"name":"Blog"}]},{"@type":"WebSite","@id":"https:\/\/www.navarrotecnics.com\/#website","url":"https:\/\/www.navarrotecnics.com\/","name":"Navarro T\u00e8cnics","description":"Especialistes en el camp de la construcci\u00f3","potentialAction":[{"@type":"SearchAction","target":{"@type":"EntryPoint","urlTemplate":"https:\/\/www.navarrotecnics.com\/?s={search_term_string}"},"query-input":"required name=search_term_string"}],"inLanguage":"es"}]}},"_links":{"self":[{"href":"https:\/\/www.navarrotecnics.com\/es\/wp-json\/wp\/v2\/pages\/10203","targetHints":{"allow":["GET"]}}],"collection":[{"href":"https:\/\/www.navarrotecnics.com\/es\/wp-json\/wp\/v2\/pages"}],"about":[{"href":"https:\/\/www.navarrotecnics.com\/es\/wp-json\/wp\/v2\/types\/page"}],"author":[{"embeddable":true,"href":"https:\/\/www.navarrotecnics.com\/es\/wp-json\/wp\/v2\/users\/1"}],"replies":[{"embeddable":true,"href":"https:\/\/www.navarrotecnics.com\/es\/wp-json\/wp\/v2\/comments?post=10203"}],"version-history":[{"count":2,"href":"https:\/\/www.navarrotecnics.com\/es\/wp-json\/wp\/v2\/pages\/10203\/revisions"}],"predecessor-version":[{"id":10205,"href":"https:\/\/www.navarrotecnics.com\/es\/wp-json\/wp\/v2\/pages\/10203\/revisions\/10205"}],"wp:attachment":[{"href":"https:\/\/www.navarrotecnics.com\/es\/wp-json\/wp\/v2\/media?parent=10203"}],"curies":[{"name":"wp","href":"https:\/\/api.w.org\/{rel}","templated":true}]}}