{"id":10250,"date":"2022-03-13T11:32:24","date_gmt":"2022-03-13T11:32:24","guid":{"rendered":"https:\/\/www.navarrotecnics.com\/rehabilitacion-integral\/"},"modified":"2023-02-14T13:14:16","modified_gmt":"2023-02-14T13:14:16","slug":"rehabilitacion-integral","status":"publish","type":"page","link":"https:\/\/www.navarrotecnics.com\/es\/rehabilitacion-integral\/","title":{"rendered":"Rehabilitaci\u00f3n integral"},"content":{"rendered":"\t\t<div data-elementor-type=\"wp-page\" data-elementor-id=\"10250\" class=\"elementor elementor-10250 elementor-7994\">\n\t\t\t\t\t\t\t\t\t<div class=\"elementor-section elementor-top-section elementor-element elementor-element-cbdd2f1 elementor-section-height-min-height elementor-section-boxed elementor-section-height-default elementor-section-items-middle\" data-id=\"cbdd2f1\" data-element_type=\"section\" data-settings=\"{&quot;background_background&quot;:&quot;classic&quot;}\">\n\t\t\t\t\t\t<div class=\"elementor-container elementor-column-gap-default\">\n\t\t\t\t\t<div class=\"elementor-column elementor-col-100 elementor-top-column elementor-element elementor-element-2a98a46 lakit-col-width-auto-no\" data-id=\"2a98a46\" data-element_type=\"column\">\n\t\t\t<div class=\"elementor-widget-wrap elementor-element-populated\">\n\t\t\t\t\t\t\t\t<div class=\"elementor-element elementor-element-647b150 elementor-invisible lakit-has-entrance-animation elementor-widget elementor-widget-heading\" data-id=\"647b150\" data-element_type=\"widget\" data-settings=\"{&quot;_animation&quot;:&quot;lakitShortFadeInUp&quot;,&quot;_animation_delay&quot;:200}\" data-widget_type=\"heading.default\">\n\t\t\t\t<div class=\"elementor-widget-container\">\n\t\t\t<style>\/*! elementor - v3.8.1 - 13-11-2022 *\/\n.elementor-heading-title{padding:0;margin:0;line-height:1}.elementor-widget-heading .elementor-heading-title[class*=elementor-size-]>a{color:inherit;font-size:inherit;line-height:inherit}.elementor-widget-heading .elementor-heading-title.elementor-size-small{font-size:15px}.elementor-widget-heading .elementor-heading-title.elementor-size-medium{font-size:19px}.elementor-widget-heading .elementor-heading-title.elementor-size-large{font-size:29px}.elementor-widget-heading .elementor-heading-title.elementor-size-xl{font-size:39px}.elementor-widget-heading .elementor-heading-title.elementor-size-xxl{font-size:59px}<\/style><h1 class=\"elementor-heading-title elementor-size-default\">Rehabilitaci\u00f3n integral<\/h1>\t\t<\/div>\n\t\t\t\t<\/div>\n\t\t\t\t<div class=\"elementor-element elementor-element-2f0e20c titulo-lineas elementor-widget__width-auto elementor-widget elementor-widget-heading\" data-id=\"2f0e20c\" data-element_type=\"widget\" data-widget_type=\"heading.default\">\n\t\t\t\t<div class=\"elementor-widget-container\">\n\t\t\t<span class=\"elementor-heading-title elementor-size-default\">B2C<\/span>\t\t<\/div>\n\t\t\t\t<\/div>\n\t\t\t\t\t<\/div>\n\t\t<\/div>\n\t\t\t\t\t\t\t<\/div>\n\t\t<\/div>\n\t\t\t\t<div class=\"elementor-section elementor-top-section elementor-element elementor-element-2aad1ac elementor-section-boxed elementor-section-height-default elementor-section-height-default\" data-id=\"2aad1ac\" data-element_type=\"section\">\n\t\t\t\t\t\t<div class=\"elementor-container elementor-column-gap-default\">\n\t\t\t\t\t<div class=\"elementor-column elementor-col-50 elementor-top-column elementor-element elementor-element-5b7db79 lakit-col-width-auto-no\" data-id=\"5b7db79\" data-element_type=\"column\">\n\t\t\t<div class=\"elementor-widget-wrap elementor-element-populated\">\n\t\t\t\t\t\t\t\t<div class=\"elementor-element elementor-element-e1b7e51 elementor-widget elementor-widget-text-editor\" data-id=\"e1b7e51\" data-element_type=\"widget\" data-widget_type=\"text-editor.default\">\n\t\t\t\t<div class=\"elementor-widget-container\">\n\t\t\t<style>\/*! elementor - v3.8.1 - 13-11-2022 *\/\n.elementor-widget-text-editor.elementor-drop-cap-view-stacked .elementor-drop-cap{background-color:#818a91;color:#fff}.elementor-widget-text-editor.elementor-drop-cap-view-framed .elementor-drop-cap{color:#818a91;border:3px solid;background-color:transparent}.elementor-widget-text-editor:not(.elementor-drop-cap-view-default) .elementor-drop-cap{margin-top:8px}.elementor-widget-text-editor:not(.elementor-drop-cap-view-default) .elementor-drop-cap-letter{width:1em;height:1em}.elementor-widget-text-editor .elementor-drop-cap{float:left;text-align:center;line-height:1;font-size:50px}.elementor-widget-text-editor .elementor-drop-cap-letter{display:inline-block}<\/style>\t\t\t\t<p>En Navarro T\u00e8cnics somos especialistas en reformas integrales de pisos y casas en Barcelona. Te asesoraremos y te acompa\u00f1aremos durante todo el proceso de la reforma, desde el desarrollo del proyecto hasta la ejecuci\u00f3n de la obra, colaborando en la toma de decisiones para sacar el m\u00e1ximo partido de los espacios con el menor coste posible. Somos un equipo de arquitectos t\u00e9cnicos que desempe\u00f1amos la funci\u00f3n de jefe de obra y coordinamos a nuestros trabajadores y a los industriales que intervienen en la obra para que el ritmo de ejecuci\u00f3n sea el correcto y se cumplan los plazos, as\u00ed como para supervisar las calidades. Estaremos a tu disposici\u00f3n en cualquier momento y solucionaremos cualquier duda o problema que pueda surgir.<\/p><p>Una reforma integral bien dise\u00f1ada y bien ejecutada puede convertir tu casa en tu hogar ideal y todos nuestros esfuerzos est\u00e1n focalizados a conseguirlo.<\/p>\t\t\t\t\t\t<\/div>\n\t\t\t\t<\/div>\n\t\t\t\t<div class=\"elementor-element elementor-element-f263702 elementor-widget elementor-widget-text-editor\" data-id=\"f263702\" data-element_type=\"widget\" data-widget_type=\"text-editor.default\">\n\t\t\t\t<div class=\"elementor-widget-container\">\n\t\t\t\t\t\t\t<p>Nos encargamos de todo para dise\u00f1ar y ejecutar una reforma integral en tu vivienda:<\/p><ul><li>Licencia de obras.<\/li><li>Trabajos y dise\u00f1os previos.<\/li><li>Direcci\u00f3n y ejecuci\u00f3n de la obra.<\/li><li>Demoliciones.<\/li><li>Trabajos de alba\u00f1iler\u00eda.<\/li><li>Revestimientos cer\u00e1micos.<\/li><li>Carpinter\u00eda exterior.<\/li><li>Carpinter\u00eda interior.<\/li><li>Mobiliario de cocina y ba\u00f1o.<\/li><li>Fontaner\u00eda y calefacci\u00f3n.<\/li><li>Electricidad e iluminaci\u00f3n.<\/li><li>Pintura.<\/li><\/ul>\t\t\t\t\t\t<\/div>\n\t\t\t\t<\/div>\n\t\t\t\t\t<\/div>\n\t\t<\/div>\n\t\t\t\t<div class=\"elementor-column elementor-col-50 elementor-top-column elementor-element elementor-element-bc6b744 lakit-col-width-auto-no\" data-id=\"bc6b744\" data-element_type=\"column\" data-settings=\"{&quot;background_background&quot;:&quot;classic&quot;}\">\n\t\t\t<div class=\"elementor-widget-wrap elementor-element-populated\">\n\t\t\t\t\t\t\t\t<div class=\"elementor-element elementor-element-5b24b49 elementor-widget elementor-widget-spacer\" data-id=\"5b24b49\" data-element_type=\"widget\" data-widget_type=\"spacer.default\">\n\t\t\t\t<div class=\"elementor-widget-container\">\n\t\t\t<style>\/*! elementor - v3.8.1 - 13-11-2022 *\/\n.elementor-column .elementor-spacer-inner{height:var(--spacer-size)}.e-con{--container-widget-width:100%}.e-con-inner>.elementor-widget-spacer,.e-con>.elementor-widget-spacer{width:var(--container-widget-width,var(--spacer-size));-ms-flex-item-align:stretch;align-self:stretch;-ms-flex-negative:0;flex-shrink:0}.e-con-inner>.elementor-widget-spacer>.elementor-widget-container,.e-con-inner>.elementor-widget-spacer>.elementor-widget-container>.elementor-spacer,.e-con>.elementor-widget-spacer>.elementor-widget-container,.e-con>.elementor-widget-spacer>.elementor-widget-container>.elementor-spacer{height:100%}.e-con-inner>.elementor-widget-spacer>.elementor-widget-container>.elementor-spacer>.elementor-spacer-inner,.e-con>.elementor-widget-spacer>.elementor-widget-container>.elementor-spacer>.elementor-spacer-inner{height:var(--container-widget-height,var(--spacer-size))}<\/style>\t\t<div class=\"elementor-spacer\">\n\t\t\t<div class=\"elementor-spacer-inner\"><\/div>\n\t\t<\/div>\n\t\t\t\t<\/div>\n\t\t\t\t<\/div>\n\t\t\t\t\t<\/div>\n\t\t<\/div>\n\t\t\t\t\t\t\t<\/div>\n\t\t<\/div>\n\t\t\t\t<div class=\"elementor-section elementor-top-section elementor-element elementor-element-7ceb3af elementor-section-boxed elementor-section-height-default elementor-section-height-default\" data-id=\"7ceb3af\" data-element_type=\"section\">\n\t\t\t\t\t\t<div class=\"elementor-container elementor-column-gap-default\">\n\t\t\t\t\t<div class=\"elementor-column elementor-col-33 elementor-top-column elementor-element elementor-element-318315e lakit-col-width-auto-no\" data-id=\"318315e\" data-element_type=\"column\">\n\t\t\t<div class=\"elementor-widget-wrap elementor-element-populated\">\n\t\t\t\t\t\t\t\t<div class=\"elementor-element elementor-element-ad8ddfc btn-nav btn-nav-next elementor-widget__width-auto elementor-align-right elementor-widget elementor-widget-button\" data-id=\"ad8ddfc\" data-element_type=\"widget\" data-widget_type=\"button.default\">\n\t\t\t\t<div class=\"elementor-widget-container\">\n\t\t\t\t\t<div class=\"elementor-button-wrapper\">\n\t\t\t<a href=\"https:\/\/www.navarrotecnics.com\/es\/casas-pasivas-passivhaus-viviendas-nzeb\/\" class=\"elementor-button-link elementor-button elementor-size-sm\" role=\"button\">\n\t\t\t\t\t\t<span class=\"elementor-button-content-wrapper\">\n\t\t\t\t\t\t\t<span class=\"elementor-button-icon elementor-align-icon-left\">\n\t\t\t\t<svg xmlns=\"http:\/\/www.w3.org\/2000\/svg\" width=\"103.792\" height=\"60.059\" viewBox=\"0 0 103.792 60.059\"><path d=\"M853.348,4724.094l-20.855,30.029-2.069-2.979,17.319-24.941H749.555v-4.217h98.187l-17.319-24.937,2.069-2.984Z\" transform=\"translate(853.348 4754.123) rotate(180)\" fill=\"#6c6666\"><\/path><\/svg>\t\t\t<\/span>\n\t\t\t\t\t\t<span class=\"elementor-button-text\">Construcci\u00f3n de obra nueva<\/span>\n\t\t<\/span>\n\t\t\t\t\t<\/a>\n\t\t<\/div>\n\t\t\t\t<\/div>\n\t\t\t\t<\/div>\n\t\t\t\t\t<\/div>\n\t\t<\/div>\n\t\t\t\t<div class=\"elementor-column elementor-col-33 elementor-top-column elementor-element elementor-element-abc9e66 lakit-col-width-auto-no\" data-id=\"abc9e66\" data-element_type=\"column\">\n\t\t\t<div class=\"elementor-widget-wrap elementor-element-populated\">\n\t\t\t\t\t\t\t\t<div class=\"elementor-element elementor-element-e6cfdbc elementor-align-center elementor-widget elementor-widget-button\" data-id=\"e6cfdbc\" data-element_type=\"widget\" data-widget_type=\"button.default\">\n\t\t\t\t<div class=\"elementor-widget-container\">\n\t\t\t\t\t<div class=\"elementor-button-wrapper\">\n\t\t\t<a href=\"https:\/\/www.navarrotecnics.com\/es\/#b2c\" class=\"elementor-button-link elementor-button elementor-size-sm\" role=\"button\">\n\t\t\t\t\t\t<span class=\"elementor-button-content-wrapper\">\n\t\t\t\t\t\t<span class=\"elementor-button-text\">Volver a los servicios<\/span>\n\t\t<\/span>\n\t\t\t\t\t<\/a>\n\t\t<\/div>\n\t\t\t\t<\/div>\n\t\t\t\t<\/div>\n\t\t\t\t\t<\/div>\n\t\t<\/div>\n\t\t\t\t<div class=\"elementor-column elementor-col-33 elementor-top-column elementor-element elementor-element-78b7e66 lakit-col-width-auto-no\" data-id=\"78b7e66\" data-element_type=\"column\">\n\t\t\t<div class=\"elementor-widget-wrap elementor-element-populated\">\n\t\t\t\t\t\t\t\t<div class=\"elementor-element elementor-element-bc92304 elementor-align-right btn-nav btn-nav-next elementor-widget__width-auto elementor-widget elementor-widget-button\" data-id=\"bc92304\" data-element_type=\"widget\" data-widget_type=\"button.default\">\n\t\t\t\t<div class=\"elementor-widget-container\">\n\t\t\t\t\t<div class=\"elementor-button-wrapper\">\n\t\t\t<a href=\"https:\/\/www.navarrotecnics.com\/es\/mantenimiento-edificios-y-rehabilitaciones-integrales\/\" class=\"elementor-button-link elementor-button elementor-size-sm\" role=\"button\">\n\t\t\t\t\t\t<span class=\"elementor-button-content-wrapper\">\n\t\t\t\t\t\t\t<span class=\"elementor-button-icon elementor-align-icon-right\">\n\t\t\t\t<svg xmlns=\"http:\/\/www.w3.org\/2000\/svg\" width=\"154.177\" height=\"81\" viewBox=\"0 0 154.177 81\"><path d=\"M903.732,4734.563l-30.979,40.5-3.073-4.02,25.726-33.637H749.555v-5.686H895.406l-25.726-33.633,3.073-4.025Z\" transform=\"translate(-749.555 -4694.063)\" fill=\"#6c6666\"><\/path><\/svg>\t\t\t<\/span>\n\t\t\t\t\t\t<span class=\"elementor-button-text\">Mantenimiento y rehabilitaci\u00f3n<br> de edificios y viviendas<\/span>\n\t\t<\/span>\n\t\t\t\t\t<\/a>\n\t\t<\/div>\n\t\t\t\t<\/div>\n\t\t\t\t<\/div>\n\t\t\t\t\t<\/div>\n\t\t<\/div>\n\t\t\t\t\t\t\t<\/div>\n\t\t<\/div>\n\t\t\t\t\t\t\t<\/div>\n\t\t","protected":false},"excerpt":{"rendered":"<p>B2C En Navarro T\u00e8cnics somos especialistas en reformas integrales de pisos y casas en Barcelona. Te asesoraremos y te acompa\u00f1aremos durante todo el proceso de la reforma, desde el desarrollo del proyecto hasta la ejecuci\u00f3n de la [&hellip;]<\/p>\n","protected":false},"author":1,"featured_media":0,"parent":0,"menu_order":0,"comment_status":"closed","ping_status":"closed","template":"","meta":{"inline_featured_image":false,"footnotes":""},"class_list":["post-10250","page","type-page","status-publish","hentry"],"yoast_head":"<!-- This site is optimized with the Yoast SEO plugin v20.3 - https:\/\/yoast.com\/wordpress\/plugins\/seo\/ -->\n<title>Rehabilitaci\u00f3n integral - Navarro T\u00e8cnics<\/title>\n<meta name=\"robots\" content=\"index, follow, max-snippet:-1, max-image-preview:large, max-video-preview:-1\" \/>\n<link rel=\"canonical\" href=\"https:\/\/www.navarrotecnics.com\/rehabilitacion-integral\/\" \/>\n<meta property=\"og:locale\" content=\"es_ES\" \/>\n<meta property=\"og:type\" content=\"article\" \/>\n<meta property=\"og:title\" content=\"Rehabilitaci\u00f3n integral - Navarro T\u00e8cnics\" \/>\n<meta property=\"og:description\" content=\"B2C En Navarro T\u00e8cnics somos especialistas en reformas integrales de pisos y casas en Barcelona. Te asesoraremos y te acompa\u00f1aremos durante todo el proceso de la reforma, desde el desarrollo del proyecto hasta la ejecuci\u00f3n de la [&hellip;]\" \/>\n<meta property=\"og:url\" content=\"https:\/\/www.navarrotecnics.com\/rehabilitacion-integral\/\" \/>\n<meta property=\"og:site_name\" content=\"Navarro T\u00e8cnics\" \/>\n<meta property=\"article:modified_time\" content=\"2023-02-14T13:14:16+00:00\" \/>\n<meta name=\"twitter:card\" content=\"summary_large_image\" \/>\n<meta name=\"twitter:label1\" content=\"Tiempo de lectura\" \/>\n\t<meta name=\"twitter:data1\" content=\"1 minuto\" \/>\n<script type=\"application\/ld+json\" class=\"yoast-schema-graph\">{\"@context\":\"https:\/\/schema.org\",\"@graph\":[{\"@type\":\"WebPage\",\"@id\":\"https:\/\/www.navarrotecnics.com\/rehabilitacion-integral\/\",\"url\":\"https:\/\/www.navarrotecnics.com\/rehabilitacion-integral\/\",\"name\":\"Rehabilitaci\u00f3n integral - Navarro T\u00e8cnics\",\"isPartOf\":{\"@id\":\"https:\/\/www.navarrotecnics.com\/#website\"},\"datePublished\":\"2022-03-13T11:32:24+00:00\",\"dateModified\":\"2023-02-14T13:14:16+00:00\",\"breadcrumb\":{\"@id\":\"https:\/\/www.navarrotecnics.com\/rehabilitacion-integral\/#breadcrumb\"},\"inLanguage\":\"es\",\"potentialAction\":[{\"@type\":\"ReadAction\",\"target\":[\"https:\/\/www.navarrotecnics.com\/rehabilitacion-integral\/\"]}]},{\"@type\":\"BreadcrumbList\",\"@id\":\"https:\/\/www.navarrotecnics.com\/rehabilitacion-integral\/#breadcrumb\",\"itemListElement\":[{\"@type\":\"ListItem\",\"position\":1,\"name\":\"Portada\",\"item\":\"https:\/\/www.navarrotecnics.com\/es\/\"},{\"@type\":\"ListItem\",\"position\":2,\"name\":\"Rehabilitaci\u00f3n integral\"}]},{\"@type\":\"WebSite\",\"@id\":\"https:\/\/www.navarrotecnics.com\/#website\",\"url\":\"https:\/\/www.navarrotecnics.com\/\",\"name\":\"Navarro T\u00e8cnics\",\"description\":\"Especialistes en el camp de la construcci\u00f3\",\"potentialAction\":[{\"@type\":\"SearchAction\",\"target\":{\"@type\":\"EntryPoint\",\"urlTemplate\":\"https:\/\/www.navarrotecnics.com\/?s={search_term_string}\"},\"query-input\":\"required name=search_term_string\"}],\"inLanguage\":\"es\"}]}<\/script>\n<!-- \/ Yoast SEO plugin. -->","yoast_head_json":{"title":"Rehabilitaci\u00f3n integral - Navarro T\u00e8cnics","robots":{"index":"index","follow":"follow","max-snippet":"max-snippet:-1","max-image-preview":"max-image-preview:large","max-video-preview":"max-video-preview:-1"},"canonical":"https:\/\/www.navarrotecnics.com\/rehabilitacion-integral\/","og_locale":"es_ES","og_type":"article","og_title":"Rehabilitaci\u00f3n integral - Navarro T\u00e8cnics","og_description":"B2C En Navarro T\u00e8cnics somos especialistas en reformas integrales de pisos y casas en Barcelona. Te asesoraremos y te acompa\u00f1aremos durante todo el proceso de la reforma, desde el desarrollo del proyecto hasta la ejecuci\u00f3n de la [&hellip;]","og_url":"https:\/\/www.navarrotecnics.com\/rehabilitacion-integral\/","og_site_name":"Navarro T\u00e8cnics","article_modified_time":"2023-02-14T13:14:16+00:00","twitter_card":"summary_large_image","twitter_misc":{"Tiempo de lectura":"1 minuto"},"schema":{"@context":"https:\/\/schema.org","@graph":[{"@type":"WebPage","@id":"https:\/\/www.navarrotecnics.com\/rehabilitacion-integral\/","url":"https:\/\/www.navarrotecnics.com\/rehabilitacion-integral\/","name":"Rehabilitaci\u00f3n integral - Navarro T\u00e8cnics","isPartOf":{"@id":"https:\/\/www.navarrotecnics.com\/#website"},"datePublished":"2022-03-13T11:32:24+00:00","dateModified":"2023-02-14T13:14:16+00:00","breadcrumb":{"@id":"https:\/\/www.navarrotecnics.com\/rehabilitacion-integral\/#breadcrumb"},"inLanguage":"es","potentialAction":[{"@type":"ReadAction","target":["https:\/\/www.navarrotecnics.com\/rehabilitacion-integral\/"]}]},{"@type":"BreadcrumbList","@id":"https:\/\/www.navarrotecnics.com\/rehabilitacion-integral\/#breadcrumb","itemListElement":[{"@type":"ListItem","position":1,"name":"Portada","item":"https:\/\/www.navarrotecnics.com\/es\/"},{"@type":"ListItem","position":2,"name":"Rehabilitaci\u00f3n integral"}]},{"@type":"WebSite","@id":"https:\/\/www.navarrotecnics.com\/#website","url":"https:\/\/www.navarrotecnics.com\/","name":"Navarro T\u00e8cnics","description":"Especialistes en el camp de la construcci\u00f3","potentialAction":[{"@type":"SearchAction","target":{"@type":"EntryPoint","urlTemplate":"https:\/\/www.navarrotecnics.com\/?s={search_term_string}"},"query-input":"required name=search_term_string"}],"inLanguage":"es"}]}},"_links":{"self":[{"href":"https:\/\/www.navarrotecnics.com\/es\/wp-json\/wp\/v2\/pages\/10250","targetHints":{"allow":["GET"]}}],"collection":[{"href":"https:\/\/www.navarrotecnics.com\/es\/wp-json\/wp\/v2\/pages"}],"about":[{"href":"https:\/\/www.navarrotecnics.com\/es\/wp-json\/wp\/v2\/types\/page"}],"author":[{"embeddable":true,"href":"https:\/\/www.navarrotecnics.com\/es\/wp-json\/wp\/v2\/users\/1"}],"replies":[{"embeddable":true,"href":"https:\/\/www.navarrotecnics.com\/es\/wp-json\/wp\/v2\/comments?post=10250"}],"version-history":[{"count":12,"href":"https:\/\/www.navarrotecnics.com\/es\/wp-json\/wp\/v2\/pages\/10250\/revisions"}],"predecessor-version":[{"id":11279,"href":"https:\/\/www.navarrotecnics.com\/es\/wp-json\/wp\/v2\/pages\/10250\/revisions\/11279"}],"wp:attachment":[{"href":"https:\/\/www.navarrotecnics.com\/es\/wp-json\/wp\/v2\/media?parent=10250"}],"curies":[{"name":"wp","href":"https:\/\/api.w.org\/{rel}","templated":true}]}}