{"id":10254,"date":"2022-03-13T11:36:15","date_gmt":"2022-03-13T11:36:15","guid":{"rendered":"https:\/\/www.navarrotecnics.com\/arquitectos-tecnicos-proyecto-y-obra\/"},"modified":"2022-04-20T17:05:23","modified_gmt":"2022-04-20T17:05:23","slug":"arquitectos-tecnicos-proyecto-y-obra","status":"publish","type":"page","link":"https:\/\/www.navarrotecnics.com\/es\/arquitectos-tecnicos-proyecto-y-obra\/","title":{"rendered":"Arquitectos t\u00e9cnicos proyecto y obra"},"content":{"rendered":"\t\t<div data-elementor-type=\"wp-page\" data-elementor-id=\"10254\" class=\"elementor elementor-10254 elementor-7998\">\n\t\t\t\t\t\t\t\t\t<div class=\"elementor-section elementor-top-section elementor-element elementor-element-c18699b elementor-section-height-min-height elementor-section-items-stretch elementor-section-boxed elementor-section-height-default\" data-id=\"c18699b\" data-element_type=\"section\" data-settings=\"{&quot;background_background&quot;:&quot;classic&quot;}\">\n\t\t\t\t\t\t<div class=\"elementor-container elementor-column-gap-default\">\n\t\t\t\t\t<div class=\"elementor-column elementor-col-100 elementor-top-column elementor-element elementor-element-ae8340a lakit-col-width-auto-no\" data-id=\"ae8340a\" data-element_type=\"column\" data-settings=\"{&quot;background_background&quot;:&quot;classic&quot;}\">\n\t\t\t<div class=\"elementor-widget-wrap elementor-element-populated\">\n\t\t\t\t\t\t\t\t<div class=\"elementor-element elementor-element-982593e elementor-invisible lakit-has-entrance-animation elementor-widget elementor-widget-heading\" data-id=\"982593e\" data-element_type=\"widget\" data-settings=\"{&quot;_animation&quot;:&quot;lakitShortFadeInUp&quot;,&quot;_animation_delay&quot;:200}\" data-widget_type=\"heading.default\">\n\t\t\t\t<div class=\"elementor-widget-container\">\n\t\t\t<style>\/*! elementor - v3.8.1 - 13-11-2022 *\/\n.elementor-heading-title{padding:0;margin:0;line-height:1}.elementor-widget-heading .elementor-heading-title[class*=elementor-size-]>a{color:inherit;font-size:inherit;line-height:inherit}.elementor-widget-heading .elementor-heading-title.elementor-size-small{font-size:15px}.elementor-widget-heading .elementor-heading-title.elementor-size-medium{font-size:19px}.elementor-widget-heading .elementor-heading-title.elementor-size-large{font-size:29px}.elementor-widget-heading .elementor-heading-title.elementor-size-xl{font-size:39px}.elementor-widget-heading .elementor-heading-title.elementor-size-xxl{font-size:59px}<\/style><h1 class=\"elementor-heading-title elementor-size-default\">Arquitectos t\u00e9cnicos proyecto y obra<\/h1>\t\t<\/div>\n\t\t\t\t<\/div>\n\t\t\t\t<div class=\"elementor-element elementor-element-23fae62 titulo-lineas elementor-widget__width-auto elementor-widget elementor-widget-heading\" data-id=\"23fae62\" data-element_type=\"widget\" data-widget_type=\"heading.default\">\n\t\t\t\t<div class=\"elementor-widget-container\">\n\t\t\t<span class=\"elementor-heading-title elementor-size-default\">B2B<\/span>\t\t<\/div>\n\t\t\t\t<\/div>\n\t\t\t\t\t<\/div>\n\t\t<\/div>\n\t\t\t\t\t\t\t<\/div>\n\t\t<\/div>\n\t\t\t\t<div class=\"elementor-section elementor-top-section elementor-element elementor-element-402a0a7 elementor-section-boxed elementor-section-height-default elementor-section-height-default\" data-id=\"402a0a7\" data-element_type=\"section\">\n\t\t\t\t\t\t<div class=\"elementor-container elementor-column-gap-default\">\n\t\t\t\t\t<div class=\"elementor-column elementor-col-50 elementor-top-column elementor-element elementor-element-fc0245c lakit-col-width-auto-no\" data-id=\"fc0245c\" data-element_type=\"column\">\n\t\t\t<div class=\"elementor-widget-wrap elementor-element-populated\">\n\t\t\t\t\t\t\t\t<div class=\"elementor-element elementor-element-24f6513 elementor-widget elementor-widget-heading\" data-id=\"24f6513\" data-element_type=\"widget\" data-widget_type=\"heading.default\">\n\t\t\t\t<div class=\"elementor-widget-container\">\n\t\t\t<h3 class=\"elementor-heading-title elementor-size-default\">Direcci\u00f3n de Ejecuci\u00f3n de proyectos de habitajes unifamiliares, plurifamiliares y edificios terciarios.<\/h3>\t\t<\/div>\n\t\t\t\t<\/div>\n\t\t\t\t<div class=\"elementor-element elementor-element-763e0b5 elementor-widget elementor-widget-text-editor\" data-id=\"763e0b5\" data-element_type=\"widget\" data-widget_type=\"text-editor.default\">\n\t\t\t\t<div class=\"elementor-widget-container\">\n\t\t\t<style>\/*! elementor - v3.8.1 - 13-11-2022 *\/\n.elementor-widget-text-editor.elementor-drop-cap-view-stacked .elementor-drop-cap{background-color:#818a91;color:#fff}.elementor-widget-text-editor.elementor-drop-cap-view-framed .elementor-drop-cap{color:#818a91;border:3px solid;background-color:transparent}.elementor-widget-text-editor:not(.elementor-drop-cap-view-default) .elementor-drop-cap{margin-top:8px}.elementor-widget-text-editor:not(.elementor-drop-cap-view-default) .elementor-drop-cap-letter{width:1em;height:1em}.elementor-widget-text-editor .elementor-drop-cap{float:left;text-align:center;line-height:1;font-size:50px}.elementor-widget-text-editor .elementor-drop-cap-letter{display:inline-block}<\/style>\t\t\t\t<p>Desde NavarroT\u00e8cnics realizamos direcci\u00f3n\u00a0de ejecuci\u00f3n de proyectos para primeramente conseguir los objetivos principales del proyecto\/obra especificados y dentro del alcance, el tiempo y los costes.\u00a0<span style=\"background-color: var(--theme-body-bg-color);\">Cualquier tipo de proyectos de obra y promociones, ya sean en viviendas unifamiliares y plurifamiliares como en edificios terciarios.<\/span><\/p>\t\t\t\t\t\t<\/div>\n\t\t\t\t<\/div>\n\t\t\t\t<div class=\"elementor-element elementor-element-6367846 elementor-widget elementor-widget-heading\" data-id=\"6367846\" data-element_type=\"widget\" data-widget_type=\"heading.default\">\n\t\t\t\t<div class=\"elementor-widget-container\">\n\t\t\t<h3 class=\"elementor-heading-title elementor-size-default\">Project Manager en rehabilitaciones y reformas<\/h3>\t\t<\/div>\n\t\t\t\t<\/div>\n\t\t\t\t<div class=\"elementor-element elementor-element-98a4131 elementor-widget elementor-widget-text-editor\" data-id=\"98a4131\" data-element_type=\"widget\" data-widget_type=\"text-editor.default\">\n\t\t\t\t<div class=\"elementor-widget-container\">\n\t\t\t\t\t\t\t<p>Ofrecemos los servicios de Coordinaci\u00f3n de todos los actores involucrados y de todas las actividades para poder cumplir los objetivos de proyecto sea obra nueva, reformas o rehabilitaciones.<\/p><div class=\"fusion-layout-column fusion_builder_column fusion_builder_column_1_3 fusion-builder-column-3 fusion-one-third fusion-column-first 1_3\"><div class=\"fusion-column-wrapper\" data-bg-url=\"\"><div class=\"fusion-clearfix\">Garantizamos la calidad y la rentabilidad, proporcionando un valor a\u00f1adido gracias a que disponemos de profesionales formados en competencias espec\u00edficas\u00a0con una visi\u00f3n tanto t\u00e9cnica como de direcci\u00f3n de proyectos, as\u00ed como una\u00a0dilatada experiencia en el sector.\u00a0<\/div><\/div><\/div>\t\t\t\t\t\t<\/div>\n\t\t\t\t<\/div>\n\t\t\t\t\t<\/div>\n\t\t<\/div>\n\t\t\t\t<div class=\"elementor-column elementor-col-50 elementor-top-column elementor-element elementor-element-f614958 lakit-col-width-auto-no\" data-id=\"f614958\" data-element_type=\"column\">\n\t\t\t<div class=\"elementor-widget-wrap elementor-element-populated\">\n\t\t\t\t\t\t\t\t<div class=\"elementor-element elementor-element-4c6d907 elementor-widget elementor-widget-heading\" data-id=\"4c6d907\" data-element_type=\"widget\" data-widget_type=\"heading.default\">\n\t\t\t\t<div class=\"elementor-widget-container\">\n\t\t\t<h3 class=\"elementor-heading-title elementor-size-default\">Coordinaci\u00f3n de Seguridad y Salud (Facility manager) de habitajes unifamiliares, plurifamiliares y edificios terciarios.<\/h3>\t\t<\/div>\n\t\t\t\t<\/div>\n\t\t\t\t<div class=\"elementor-element elementor-element-3ffaf10 elementor-widget elementor-widget-text-editor\" data-id=\"3ffaf10\" data-element_type=\"widget\" data-widget_type=\"text-editor.default\">\n\t\t\t\t<div class=\"elementor-widget-container\">\n\t\t\t\t\t\t\t<p>En nuestros servicios de Coordinaci\u00f3n de Seguridad y Salud en Obra garantizamos que en todas las obras se cumpla el reglamento de la Prevenci\u00f3n de Riesgos Laborales, sin que la gesti\u00f3n del proyecto pierda agilidad de ejecuci\u00f3n. Realizamos este tipo de servico en cualquier tipo de promoci\u00b4\u00f3n, ya sean viviendas particulares y en edificios terciarios, como Facility manager para oficinas y locales comerciales.<\/p>\t\t\t\t\t\t<\/div>\n\t\t\t\t<\/div>\n\t\t\t\t<div class=\"elementor-element elementor-element-e8d3093 elementor-widget elementor-widget-heading\" data-id=\"e8d3093\" data-element_type=\"widget\" data-widget_type=\"heading.default\">\n\t\t\t\t<div class=\"elementor-widget-container\">\n\t\t\t<h3 class=\"elementor-heading-title elementor-size-default\">Urbanizaci\u00f3n<\/h3>\t\t<\/div>\n\t\t\t\t<\/div>\n\t\t\t\t<div class=\"elementor-element elementor-element-c92b2e3 elementor-widget elementor-widget-text-editor\" data-id=\"c92b2e3\" data-element_type=\"widget\" data-widget_type=\"text-editor.default\">\n\t\t\t\t<div class=\"elementor-widget-container\">\n\t\t\t\t\t\t\t<div class=\"r21Kzd\" data-hveid=\"CCAQAQ\" data-ved=\"2ahUKEwirypvIi6P3AhWux4UKHfkSDlYQuk56BAggEAE\">Colaboramos con todo tipo de empresas constructoras, estudios de Arquitectura, Ingenier\u00eda y otros donde ofrecemos servicios de car\u00e1cter multidisciplinar, realizando: Instrumentos de Planteamiento y gesti\u00f3n urban\u00edstica, Proyectos de urbanizaci\u00f3n, Proyectos de parcelaci\u00f3n, sagregaci\u00f3n y reparcelaci\u00f3n, Informes T\u00e9cnicos para emisi\u00f3n de licencias y gesti\u00f3n urban\u00edstica.<\/div>\t\t\t\t\t\t<\/div>\n\t\t\t\t<\/div>\n\t\t\t\t\t<\/div>\n\t\t<\/div>\n\t\t\t\t\t\t\t<\/div>\n\t\t<\/div>\n\t\t\t\t<div class=\"elementor-section elementor-top-section elementor-element elementor-element-5b6c145 elementor-section-boxed elementor-section-height-default elementor-section-height-default\" data-id=\"5b6c145\" data-element_type=\"section\">\n\t\t\t\t\t\t<div class=\"elementor-container elementor-column-gap-default\">\n\t\t\t\t\t<div class=\"elementor-column elementor-col-33 elementor-top-column elementor-element elementor-element-26171d8 lakit-col-width-auto-no\" data-id=\"26171d8\" data-element_type=\"column\">\n\t\t\t<div class=\"elementor-widget-wrap elementor-element-populated\">\n\t\t\t\t\t\t\t\t<div class=\"elementor-element elementor-element-660f5c3 elementor-align-right btn-nav btn-nav-next elementor-widget__width-auto elementor-widget elementor-widget-button\" data-id=\"660f5c3\" data-element_type=\"widget\" data-widget_type=\"button.default\">\n\t\t\t\t<div class=\"elementor-widget-container\">\n\t\t\t\t\t<div class=\"elementor-button-wrapper\">\n\t\t\t<a href=\"https:\/\/www.navarrotecnics.com\/es\/edificaciones-saludables-sostenibles-construccion\/\" class=\"elementor-button-link elementor-button elementor-size-sm\" role=\"button\">\n\t\t\t\t\t\t<span class=\"elementor-button-content-wrapper\">\n\t\t\t\t\t\t\t<span class=\"elementor-button-icon elementor-align-icon-left\">\n\t\t\t\t<svg xmlns=\"http:\/\/www.w3.org\/2000\/svg\" width=\"103.792\" height=\"60.059\" viewBox=\"0 0 103.792 60.059\"><path d=\"M853.348,4724.094l-20.855,30.029-2.069-2.979,17.319-24.941H749.555v-4.217h98.187l-17.319-24.937,2.069-2.984Z\" transform=\"translate(853.348 4754.123) rotate(180)\" fill=\"#6c6666\"><\/path><\/svg>\t\t\t<\/span>\n\t\t\t\t\t\t<span class=\"elementor-button-text\">Edificaciones sostenibles<br> y saludables<\/span>\n\t\t<\/span>\n\t\t\t\t\t<\/a>\n\t\t<\/div>\n\t\t\t\t<\/div>\n\t\t\t\t<\/div>\n\t\t\t\t\t<\/div>\n\t\t<\/div>\n\t\t\t\t<div class=\"elementor-column elementor-col-33 elementor-top-column elementor-element elementor-element-4129ba0 lakit-col-width-auto-no\" data-id=\"4129ba0\" data-element_type=\"column\">\n\t\t\t<div class=\"elementor-widget-wrap elementor-element-populated\">\n\t\t\t\t\t\t\t\t<div class=\"elementor-element elementor-element-d71c5fe elementor-align-center elementor-widget elementor-widget-button\" data-id=\"d71c5fe\" data-element_type=\"widget\" data-widget_type=\"button.default\">\n\t\t\t\t<div class=\"elementor-widget-container\">\n\t\t\t\t\t<div class=\"elementor-button-wrapper\">\n\t\t\t<a href=\"https:\/\/www.navarrotecnics.com\/es\/#b2b\" class=\"elementor-button-link elementor-button elementor-size-sm\" role=\"button\">\n\t\t\t\t\t\t<span class=\"elementor-button-content-wrapper\">\n\t\t\t\t\t\t<span class=\"elementor-button-text\">Volver a los servicios<\/span>\n\t\t<\/span>\n\t\t\t\t\t<\/a>\n\t\t<\/div>\n\t\t\t\t<\/div>\n\t\t\t\t<\/div>\n\t\t\t\t\t<\/div>\n\t\t<\/div>\n\t\t\t\t<div class=\"elementor-column elementor-col-33 elementor-top-column elementor-element elementor-element-50e7e78 lakit-col-width-auto-no\" data-id=\"50e7e78\" data-element_type=\"column\">\n\t\t\t<div class=\"elementor-widget-wrap elementor-element-populated\">\n\t\t\t\t\t\t\t\t<div class=\"elementor-element elementor-element-f1637ba elementor-align-right btn-nav btn-nav-next elementor-widget__width-auto elementor-widget elementor-widget-button\" data-id=\"f1637ba\" data-element_type=\"widget\" data-widget_type=\"button.default\">\n\t\t\t\t<div class=\"elementor-widget-container\">\n\t\t\t\t\t<div class=\"elementor-button-wrapper\">\n\t\t\t<a href=\"https:\/\/www.navarrotecnics.com\/es\/inspeccion-tecnica-informes-construccion\/\" class=\"elementor-button-link elementor-button elementor-size-sm\" role=\"button\">\n\t\t\t\t\t\t<span class=\"elementor-button-content-wrapper\">\n\t\t\t\t\t\t\t<span class=\"elementor-button-icon elementor-align-icon-right\">\n\t\t\t\t<svg xmlns=\"http:\/\/www.w3.org\/2000\/svg\" width=\"154.177\" height=\"81\" viewBox=\"0 0 154.177 81\"><path d=\"M903.732,4734.563l-30.979,40.5-3.073-4.02,25.726-33.637H749.555v-5.686H895.406l-25.726-33.633,3.073-4.025Z\" transform=\"translate(-749.555 -4694.063)\" fill=\"#6c6666\"><\/path><\/svg>\t\t\t<\/span>\n\t\t\t\t\t\t<span class=\"elementor-button-text\">Inspecciones y<br> informes t\u00e9cnicos<\/span>\n\t\t<\/span>\n\t\t\t\t\t<\/a>\n\t\t<\/div>\n\t\t\t\t<\/div>\n\t\t\t\t<\/div>\n\t\t\t\t\t<\/div>\n\t\t<\/div>\n\t\t\t\t\t\t\t<\/div>\n\t\t<\/div>\n\t\t\t\t\t\t\t<\/div>\n\t\t","protected":false},"excerpt":{"rendered":"<p>B2B Direcci\u00f3n de Ejecuci\u00f3n de proyectos de habitajes unifamiliares, plurifamiliares y edificios terciarios. Desde NavarroT\u00e8cnics realizamos direcci\u00f3n\u00a0de ejecuci\u00f3n de proyectos para primeramente conseguir los objetivos principales del proyecto\/obra especificados y dentro del alcance, el tiempo y los [&hellip;]<\/p>\n","protected":false},"author":1,"featured_media":0,"parent":0,"menu_order":0,"comment_status":"closed","ping_status":"closed","template":"","meta":{"inline_featured_image":false,"footnotes":""},"class_list":["post-10254","page","type-page","status-publish","hentry"],"yoast_head":"<!-- This site is optimized with the Yoast SEO plugin v20.3 - https:\/\/yoast.com\/wordpress\/plugins\/seo\/ -->\n<title>Arquitectos t\u00e9cnicos proyecto y obra - Navarro T\u00e8cnics<\/title>\n<meta name=\"robots\" content=\"index, follow, max-snippet:-1, max-image-preview:large, max-video-preview:-1\" \/>\n<link rel=\"canonical\" href=\"https:\/\/www.navarrotecnics.com\/arquitecto-tecnico-direccion-ejecucion-obra\/\" \/>\n<meta property=\"og:locale\" content=\"es_ES\" \/>\n<meta property=\"og:type\" content=\"article\" \/>\n<meta property=\"og:title\" content=\"Arquitectos t\u00e9cnicos proyecto y obra - Navarro T\u00e8cnics\" \/>\n<meta property=\"og:description\" content=\"B2B Direcci\u00f3n de Ejecuci\u00f3n de proyectos de habitajes unifamiliares, plurifamiliares y edificios terciarios. Desde NavarroT\u00e8cnics realizamos direcci\u00f3n\u00a0de ejecuci\u00f3n de proyectos para primeramente conseguir los objetivos principales del proyecto\/obra especificados y dentro del alcance, el tiempo y los [&hellip;]\" \/>\n<meta property=\"og:url\" content=\"https:\/\/www.navarrotecnics.com\/arquitecto-tecnico-direccion-ejecucion-obra\/\" \/>\n<meta property=\"og:site_name\" content=\"Navarro T\u00e8cnics\" \/>\n<meta property=\"article:modified_time\" content=\"2022-04-20T17:05:23+00:00\" \/>\n<meta name=\"twitter:card\" content=\"summary_large_image\" \/>\n<meta name=\"twitter:label1\" content=\"Tiempo de lectura\" \/>\n\t<meta name=\"twitter:data1\" content=\"2 minutos\" \/>\n<script type=\"application\/ld+json\" class=\"yoast-schema-graph\">{\"@context\":\"https:\/\/schema.org\",\"@graph\":[{\"@type\":\"WebPage\",\"@id\":\"https:\/\/www.navarrotecnics.com\/arquitecto-tecnico-direccion-ejecucion-obra\/\",\"url\":\"https:\/\/www.navarrotecnics.com\/arquitecto-tecnico-direccion-ejecucion-obra\/\",\"name\":\"Arquitectos t\u00e9cnicos proyecto y obra - Navarro T\u00e8cnics\",\"isPartOf\":{\"@id\":\"https:\/\/www.navarrotecnics.com\/#website\"},\"datePublished\":\"2022-03-13T11:36:15+00:00\",\"dateModified\":\"2022-04-20T17:05:23+00:00\",\"breadcrumb\":{\"@id\":\"https:\/\/www.navarrotecnics.com\/arquitecto-tecnico-direccion-ejecucion-obra\/#breadcrumb\"},\"inLanguage\":\"es\",\"potentialAction\":[{\"@type\":\"ReadAction\",\"target\":[\"https:\/\/www.navarrotecnics.com\/arquitecto-tecnico-direccion-ejecucion-obra\/\"]}]},{\"@type\":\"BreadcrumbList\",\"@id\":\"https:\/\/www.navarrotecnics.com\/arquitecto-tecnico-direccion-ejecucion-obra\/#breadcrumb\",\"itemListElement\":[{\"@type\":\"ListItem\",\"position\":1,\"name\":\"Portada\",\"item\":\"https:\/\/www.navarrotecnics.com\/es\/\"},{\"@type\":\"ListItem\",\"position\":2,\"name\":\"Arquitectos t\u00e9cnicos proyecto y obra\"}]},{\"@type\":\"WebSite\",\"@id\":\"https:\/\/www.navarrotecnics.com\/#website\",\"url\":\"https:\/\/www.navarrotecnics.com\/\",\"name\":\"Navarro T\u00e8cnics\",\"description\":\"Especialistes en el camp de la construcci\u00f3\",\"potentialAction\":[{\"@type\":\"SearchAction\",\"target\":{\"@type\":\"EntryPoint\",\"urlTemplate\":\"https:\/\/www.navarrotecnics.com\/?s={search_term_string}\"},\"query-input\":\"required name=search_term_string\"}],\"inLanguage\":\"es\"}]}<\/script>\n<!-- \/ Yoast SEO plugin. -->","yoast_head_json":{"title":"Arquitectos t\u00e9cnicos proyecto y obra - Navarro T\u00e8cnics","robots":{"index":"index","follow":"follow","max-snippet":"max-snippet:-1","max-image-preview":"max-image-preview:large","max-video-preview":"max-video-preview:-1"},"canonical":"https:\/\/www.navarrotecnics.com\/arquitecto-tecnico-direccion-ejecucion-obra\/","og_locale":"es_ES","og_type":"article","og_title":"Arquitectos t\u00e9cnicos proyecto y obra - Navarro T\u00e8cnics","og_description":"B2B Direcci\u00f3n de Ejecuci\u00f3n de proyectos de habitajes unifamiliares, plurifamiliares y edificios terciarios. Desde NavarroT\u00e8cnics realizamos direcci\u00f3n\u00a0de ejecuci\u00f3n de proyectos para primeramente conseguir los objetivos principales del proyecto\/obra especificados y dentro del alcance, el tiempo y los [&hellip;]","og_url":"https:\/\/www.navarrotecnics.com\/arquitecto-tecnico-direccion-ejecucion-obra\/","og_site_name":"Navarro T\u00e8cnics","article_modified_time":"2022-04-20T17:05:23+00:00","twitter_card":"summary_large_image","twitter_misc":{"Tiempo de lectura":"2 minutos"},"schema":{"@context":"https:\/\/schema.org","@graph":[{"@type":"WebPage","@id":"https:\/\/www.navarrotecnics.com\/arquitecto-tecnico-direccion-ejecucion-obra\/","url":"https:\/\/www.navarrotecnics.com\/arquitecto-tecnico-direccion-ejecucion-obra\/","name":"Arquitectos t\u00e9cnicos proyecto y obra - Navarro T\u00e8cnics","isPartOf":{"@id":"https:\/\/www.navarrotecnics.com\/#website"},"datePublished":"2022-03-13T11:36:15+00:00","dateModified":"2022-04-20T17:05:23+00:00","breadcrumb":{"@id":"https:\/\/www.navarrotecnics.com\/arquitecto-tecnico-direccion-ejecucion-obra\/#breadcrumb"},"inLanguage":"es","potentialAction":[{"@type":"ReadAction","target":["https:\/\/www.navarrotecnics.com\/arquitecto-tecnico-direccion-ejecucion-obra\/"]}]},{"@type":"BreadcrumbList","@id":"https:\/\/www.navarrotecnics.com\/arquitecto-tecnico-direccion-ejecucion-obra\/#breadcrumb","itemListElement":[{"@type":"ListItem","position":1,"name":"Portada","item":"https:\/\/www.navarrotecnics.com\/es\/"},{"@type":"ListItem","position":2,"name":"Arquitectos t\u00e9cnicos proyecto y obra"}]},{"@type":"WebSite","@id":"https:\/\/www.navarrotecnics.com\/#website","url":"https:\/\/www.navarrotecnics.com\/","name":"Navarro T\u00e8cnics","description":"Especialistes en el camp de la construcci\u00f3","potentialAction":[{"@type":"SearchAction","target":{"@type":"EntryPoint","urlTemplate":"https:\/\/www.navarrotecnics.com\/?s={search_term_string}"},"query-input":"required name=search_term_string"}],"inLanguage":"es"}]}},"_links":{"self":[{"href":"https:\/\/www.navarrotecnics.com\/es\/wp-json\/wp\/v2\/pages\/10254","targetHints":{"allow":["GET"]}}],"collection":[{"href":"https:\/\/www.navarrotecnics.com\/es\/wp-json\/wp\/v2\/pages"}],"about":[{"href":"https:\/\/www.navarrotecnics.com\/es\/wp-json\/wp\/v2\/types\/page"}],"author":[{"embeddable":true,"href":"https:\/\/www.navarrotecnics.com\/es\/wp-json\/wp\/v2\/users\/1"}],"replies":[{"embeddable":true,"href":"https:\/\/www.navarrotecnics.com\/es\/wp-json\/wp\/v2\/comments?post=10254"}],"version-history":[{"count":13,"href":"https:\/\/www.navarrotecnics.com\/es\/wp-json\/wp\/v2\/pages\/10254\/revisions"}],"predecessor-version":[{"id":10611,"href":"https:\/\/www.navarrotecnics.com\/es\/wp-json\/wp\/v2\/pages\/10254\/revisions\/10611"}],"wp:attachment":[{"href":"https:\/\/www.navarrotecnics.com\/es\/wp-json\/wp\/v2\/media?parent=10254"}],"curies":[{"name":"wp","href":"https:\/\/api.w.org\/{rel}","templated":true}]}}