{"id":10256,"date":"2022-03-13T11:29:55","date_gmt":"2022-03-13T11:29:55","guid":{"rendered":"https:\/\/www.navarrotecnics.com\/construccion-de-obra-nueva-casas-pasivas-passivhaus-y-viviendas-nzeb\/"},"modified":"2022-04-12T15:12:35","modified_gmt":"2022-04-12T15:12:35","slug":"construccion-de-obra-nueva-casas-pasivas-passivhaus-y-viviendas-nzeb","status":"publish","type":"page","link":"https:\/\/www.navarrotecnics.com\/es\/construccion-de-obra-nueva-casas-pasivas-passivhaus-y-viviendas-nzeb\/","title":{"rendered":"Construcci\u00f3n de obra nueva, Casas pasivas Passivhaus y viviendas NZEB"},"content":{"rendered":"\t\t<div data-elementor-type=\"wp-page\" data-elementor-id=\"10256\" class=\"elementor elementor-10256 elementor-7992\">\n\t\t\t\t\t\t\t\t\t<div class=\"elementor-section elementor-top-section elementor-element elementor-element-96552f4 elementor-section-height-min-height elementor-section-boxed elementor-section-height-default elementor-section-items-middle\" data-id=\"96552f4\" data-element_type=\"section\" data-settings=\"{&quot;background_background&quot;:&quot;classic&quot;}\">\n\t\t\t\t\t\t\t<div class=\"elementor-background-overlay\"><\/div>\n\t\t\t\t\t\t\t<div class=\"elementor-container elementor-column-gap-default\">\n\t\t\t\t\t<div class=\"elementor-column elementor-col-100 elementor-top-column elementor-element elementor-element-39dcddb lakit-col-width-auto-no\" data-id=\"39dcddb\" data-element_type=\"column\">\n\t\t\t<div class=\"elementor-widget-wrap elementor-element-populated\">\n\t\t\t\t\t\t\t\t<div class=\"elementor-element elementor-element-e5cec29 elementor-invisible lakit-has-entrance-animation elementor-widget elementor-widget-heading\" data-id=\"e5cec29\" data-element_type=\"widget\" data-settings=\"{&quot;_animation&quot;:&quot;lakitShortFadeInUp&quot;,&quot;_animation_delay&quot;:200}\" data-widget_type=\"heading.default\">\n\t\t\t\t<div class=\"elementor-widget-container\">\n\t\t\t<style>\/*! elementor - v3.8.1 - 13-11-2022 *\/\n.elementor-heading-title{padding:0;margin:0;line-height:1}.elementor-widget-heading .elementor-heading-title[class*=elementor-size-]>a{color:inherit;font-size:inherit;line-height:inherit}.elementor-widget-heading .elementor-heading-title.elementor-size-small{font-size:15px}.elementor-widget-heading .elementor-heading-title.elementor-size-medium{font-size:19px}.elementor-widget-heading .elementor-heading-title.elementor-size-large{font-size:29px}.elementor-widget-heading .elementor-heading-title.elementor-size-xl{font-size:39px}.elementor-widget-heading .elementor-heading-title.elementor-size-xxl{font-size:59px}<\/style><h1 class=\"elementor-heading-title elementor-size-default\">Construcci\u00f3n de obra nueva, Casas pasivas Passivhaus y viviendas NZEB<\/h1>\t\t<\/div>\n\t\t\t\t<\/div>\n\t\t\t\t<div class=\"elementor-element elementor-element-32efa3d titulo-lineas elementor-widget__width-auto elementor-widget elementor-widget-heading\" data-id=\"32efa3d\" data-element_type=\"widget\" data-widget_type=\"heading.default\">\n\t\t\t\t<div class=\"elementor-widget-container\">\n\t\t\t<span class=\"elementor-heading-title elementor-size-default\">B2C<\/span>\t\t<\/div>\n\t\t\t\t<\/div>\n\t\t\t\t\t<\/div>\n\t\t<\/div>\n\t\t\t\t\t\t\t<\/div>\n\t\t<\/div>\n\t\t\t\t<div class=\"elementor-section elementor-top-section elementor-element elementor-element-2fd0709 elementor-section-boxed elementor-section-height-default elementor-section-height-default\" data-id=\"2fd0709\" data-element_type=\"section\">\n\t\t\t\t\t\t<div class=\"elementor-container elementor-column-gap-default\">\n\t\t\t\t\t<div class=\"elementor-column elementor-col-50 elementor-top-column elementor-element elementor-element-b477064 lakit-col-width-auto-no\" data-id=\"b477064\" data-element_type=\"column\">\n\t\t\t<div class=\"elementor-widget-wrap elementor-element-populated\">\n\t\t\t\t\t\t\t\t<div class=\"elementor-element elementor-element-8094ba3 elementor-widget elementor-widget-heading\" data-id=\"8094ba3\" data-element_type=\"widget\" data-widget_type=\"heading.default\">\n\t\t\t\t<div class=\"elementor-widget-container\">\n\t\t\t<h3 class=\"elementor-heading-title elementor-size-default\">Edificaciones y viviendas NZEB<\/h3>\t\t<\/div>\n\t\t\t\t<\/div>\n\t\t\t\t<div class=\"elementor-element elementor-element-5fd70ed elementor-widget elementor-widget-text-editor\" data-id=\"5fd70ed\" data-element_type=\"widget\" data-widget_type=\"text-editor.default\">\n\t\t\t\t<div class=\"elementor-widget-container\">\n\t\t\t<style>\/*! elementor - v3.8.1 - 13-11-2022 *\/\n.elementor-widget-text-editor.elementor-drop-cap-view-stacked .elementor-drop-cap{background-color:#818a91;color:#fff}.elementor-widget-text-editor.elementor-drop-cap-view-framed .elementor-drop-cap{color:#818a91;border:3px solid;background-color:transparent}.elementor-widget-text-editor:not(.elementor-drop-cap-view-default) .elementor-drop-cap{margin-top:8px}.elementor-widget-text-editor:not(.elementor-drop-cap-view-default) .elementor-drop-cap-letter{width:1em;height:1em}.elementor-widget-text-editor .elementor-drop-cap{float:left;text-align:center;line-height:1;font-size:50px}.elementor-widget-text-editor .elementor-drop-cap-letter{display:inline-block}<\/style>\t\t\t\t<p>Dentro de nuestra filosof\u00eda de edificaci\u00f3n sostenible, saludable y amigable con el medioambiente, est\u00e1 una de nuestras especialidades, las viviendas NZEB con consumos energ\u00e9ticos nulos. Estas edificaciones de consumo casi nulo, son aquellas que consumen la misma energ\u00eda que generan a partir de fuentes renovables producidas en la misma vivienda o cerca de ella.<\/p><p>Navarro T\u00e8cnics somos especialistas en dise\u00f1ar y construir este tipo de viviendas con fuentes de energ\u00eda renovables efectivas para que se genere de una forma sostenible toda aquella energ\u00eda que se consume. Adem\u00e1s, este tipo de edificaciones no solamente aporta beneficios relacionados con el medio ambiente, sino tambi\u00e9n al propietario de la vivienda debido al poco coste energ\u00e9tico en la vivienda.<\/p>\t\t\t\t\t\t<\/div>\n\t\t\t\t<\/div>\n\t\t\t\t<div class=\"elementor-element elementor-element-aa6a46e elementor-widget elementor-widget-heading\" data-id=\"aa6a46e\" data-element_type=\"widget\" data-widget_type=\"heading.default\">\n\t\t\t\t<div class=\"elementor-widget-container\">\n\t\t\t<h3 class=\"elementor-heading-title elementor-size-default\">Casas pasivas o Passivhaus<\/h3>\t\t<\/div>\n\t\t\t\t<\/div>\n\t\t\t\t<div class=\"elementor-element elementor-element-5832bd5 elementor-widget elementor-widget-text-editor\" data-id=\"5832bd5\" data-element_type=\"widget\" data-widget_type=\"text-editor.default\">\n\t\t\t\t<div class=\"elementor-widget-container\">\n\t\t\t\t\t\t\t<p>A diferencia de las viviendas NZEB, las Passivhaus o bien casas pasivas que realizamos, son aquellas a las k mejoramos la eficiencia energ\u00e9tica hasta un 90% de lo que ser\u00eda una vivienda convencional.<br>Para reducir al m\u00e1ximo el uso de energ\u00eda realizamos un estudio para optimizar la orientaci\u00f3n de la vivienda y as\u00ed utilizar al m\u00e1ximo la luz natural. Tambi\u00e9n a nivel estructural se deben minimizar los puentes t\u00e9rmicos en la construcci\u00f3n, controlando todos los detalles y los materiales y componentes deben tener un grado de aislamiento elevado. Casas ideales para ahorrar energ\u00eda y utilizar al m\u00ednimo fuentes de energ\u00eda f\u00f3siles.<\/p>\t\t\t\t\t\t<\/div>\n\t\t\t\t<\/div>\n\t\t\t\t\t<\/div>\n\t\t<\/div>\n\t\t\t\t<div class=\"elementor-column elementor-col-50 elementor-top-column elementor-element elementor-element-15e1a5c lakit-col-width-auto-no\" data-id=\"15e1a5c\" data-element_type=\"column\" data-settings=\"{&quot;background_background&quot;:&quot;classic&quot;}\">\n\t\t\t<div class=\"elementor-widget-wrap elementor-element-populated\">\n\t\t\t\t\t\t\t\t<div class=\"elementor-element elementor-element-578b3c3 elementor-widget elementor-widget-spacer\" data-id=\"578b3c3\" data-element_type=\"widget\" data-widget_type=\"spacer.default\">\n\t\t\t\t<div class=\"elementor-widget-container\">\n\t\t\t<style>\/*! elementor - v3.8.1 - 13-11-2022 *\/\n.elementor-column .elementor-spacer-inner{height:var(--spacer-size)}.e-con{--container-widget-width:100%}.e-con-inner>.elementor-widget-spacer,.e-con>.elementor-widget-spacer{width:var(--container-widget-width,var(--spacer-size));-ms-flex-item-align:stretch;align-self:stretch;-ms-flex-negative:0;flex-shrink:0}.e-con-inner>.elementor-widget-spacer>.elementor-widget-container,.e-con-inner>.elementor-widget-spacer>.elementor-widget-container>.elementor-spacer,.e-con>.elementor-widget-spacer>.elementor-widget-container,.e-con>.elementor-widget-spacer>.elementor-widget-container>.elementor-spacer{height:100%}.e-con-inner>.elementor-widget-spacer>.elementor-widget-container>.elementor-spacer>.elementor-spacer-inner,.e-con>.elementor-widget-spacer>.elementor-widget-container>.elementor-spacer>.elementor-spacer-inner{height:var(--container-widget-height,var(--spacer-size))}<\/style>\t\t<div class=\"elementor-spacer\">\n\t\t\t<div class=\"elementor-spacer-inner\"><\/div>\n\t\t<\/div>\n\t\t\t\t<\/div>\n\t\t\t\t<\/div>\n\t\t\t\t\t<\/div>\n\t\t<\/div>\n\t\t\t\t\t\t\t<\/div>\n\t\t<\/div>\n\t\t\t\t<div class=\"elementor-section elementor-top-section elementor-element elementor-element-7b2af41 elementor-section-boxed elementor-section-height-default elementor-section-height-default\" data-id=\"7b2af41\" data-element_type=\"section\">\n\t\t\t\t\t\t<div class=\"elementor-container elementor-column-gap-default\">\n\t\t\t\t\t<div class=\"elementor-column elementor-col-33 elementor-top-column elementor-element elementor-element-cafc797 lakit-col-width-auto-no\" data-id=\"cafc797\" data-element_type=\"column\">\n\t\t\t<div class=\"elementor-widget-wrap elementor-element-populated\">\n\t\t\t\t\t\t\t\t<div class=\"elementor-element elementor-element-dcf468d btn-nav btn-nav-next elementor-widget__width-auto elementor-align-right elementor-widget elementor-widget-button\" data-id=\"dcf468d\" data-element_type=\"widget\" data-widget_type=\"button.default\">\n\t\t\t\t<div class=\"elementor-widget-container\">\n\t\t\t\t\t<div class=\"elementor-button-wrapper\">\n\t\t\t<a href=\"https:\/\/www.navarrotecnics.com\/es\/rehabilitacion-integral\/\" class=\"elementor-button-link elementor-button elementor-size-sm\" role=\"button\">\n\t\t\t\t\t\t<span class=\"elementor-button-content-wrapper\">\n\t\t\t\t\t\t\t<span class=\"elementor-button-icon elementor-align-icon-left\">\n\t\t\t\t<svg xmlns=\"http:\/\/www.w3.org\/2000\/svg\" width=\"103.792\" height=\"60.059\" viewBox=\"0 0 103.792 60.059\"><path d=\"M853.348,4724.094l-20.855,30.029-2.069-2.979,17.319-24.941H749.555v-4.217h98.187l-17.319-24.937,2.069-2.984Z\" transform=\"translate(853.348 4754.123) rotate(180)\" fill=\"#6c6666\"><\/path><\/svg>\t\t\t<\/span>\n\t\t\t\t\t\t<span class=\"elementor-button-text\">Rehabilitaci\u00f3n integral<\/span>\n\t\t<\/span>\n\t\t\t\t\t<\/a>\n\t\t<\/div>\n\t\t\t\t<\/div>\n\t\t\t\t<\/div>\n\t\t\t\t\t<\/div>\n\t\t<\/div>\n\t\t\t\t<div class=\"elementor-column elementor-col-33 elementor-top-column elementor-element elementor-element-2c16e27 lakit-col-width-auto-no\" data-id=\"2c16e27\" data-element_type=\"column\">\n\t\t\t<div class=\"elementor-widget-wrap elementor-element-populated\">\n\t\t\t\t\t\t\t\t<div class=\"elementor-element elementor-element-fd689e1 elementor-align-center elementor-widget elementor-widget-button\" data-id=\"fd689e1\" data-element_type=\"widget\" data-widget_type=\"button.default\">\n\t\t\t\t<div class=\"elementor-widget-container\">\n\t\t\t\t\t<div class=\"elementor-button-wrapper\">\n\t\t\t<a href=\"https:\/\/www.navarrotecnics.com\/es\/#b2c\" class=\"elementor-button-link elementor-button elementor-size-sm\" role=\"button\">\n\t\t\t\t\t\t<span class=\"elementor-button-content-wrapper\">\n\t\t\t\t\t\t<span class=\"elementor-button-text\">Volver a los servicios<\/span>\n\t\t<\/span>\n\t\t\t\t\t<\/a>\n\t\t<\/div>\n\t\t\t\t<\/div>\n\t\t\t\t<\/div>\n\t\t\t\t\t<\/div>\n\t\t<\/div>\n\t\t\t\t<div class=\"elementor-column elementor-col-33 elementor-top-column elementor-element elementor-element-bf5e68d lakit-col-width-auto-no\" data-id=\"bf5e68d\" data-element_type=\"column\">\n\t\t\t<div class=\"elementor-widget-wrap elementor-element-populated\">\n\t\t\t\t\t\t\t\t<div class=\"elementor-element elementor-element-351a36e elementor-align-right btn-nav btn-nav-next elementor-widget__width-auto elementor-widget elementor-widget-button\" data-id=\"351a36e\" data-element_type=\"widget\" data-widget_type=\"button.default\">\n\t\t\t\t<div class=\"elementor-widget-container\">\n\t\t\t\t\t<div class=\"elementor-button-wrapper\">\n\t\t\t<a href=\"https:\/\/www.navarrotecnics.com\/es\/mantenimiento-edificios-y-rehabilitaciones-integrales\/\" class=\"elementor-button-link elementor-button elementor-size-sm\" role=\"button\">\n\t\t\t\t\t\t<span class=\"elementor-button-content-wrapper\">\n\t\t\t\t\t\t\t<span class=\"elementor-button-icon elementor-align-icon-right\">\n\t\t\t\t<svg xmlns=\"http:\/\/www.w3.org\/2000\/svg\" width=\"154.177\" height=\"81\" viewBox=\"0 0 154.177 81\"><path d=\"M903.732,4734.563l-30.979,40.5-3.073-4.02,25.726-33.637H749.555v-5.686H895.406l-25.726-33.633,3.073-4.025Z\" transform=\"translate(-749.555 -4694.063)\" fill=\"#6c6666\"><\/path><\/svg>\t\t\t<\/span>\n\t\t\t\t\t\t<span class=\"elementor-button-text\">Mantenimiento y rehabilitaci\u00f3n<br> de edificios y viviendas<\/span>\n\t\t<\/span>\n\t\t\t\t\t<\/a>\n\t\t<\/div>\n\t\t\t\t<\/div>\n\t\t\t\t<\/div>\n\t\t\t\t\t<\/div>\n\t\t<\/div>\n\t\t\t\t\t\t\t<\/div>\n\t\t<\/div>\n\t\t\t\t\t\t\t<\/div>\n\t\t","protected":false},"excerpt":{"rendered":"<p>B2C Edificaciones y viviendas NZEB Dentro de nuestra filosof\u00eda de edificaci\u00f3n sostenible, saludable y amigable con el medioambiente, est\u00e1 una de nuestras especialidades, las viviendas NZEB con consumos energ\u00e9ticos nulos. Estas edificaciones de consumo casi nulo, son [&hellip;]<\/p>\n","protected":false},"author":1,"featured_media":0,"parent":0,"menu_order":0,"comment_status":"closed","ping_status":"closed","template":"elementor_header_footer","meta":{"inline_featured_image":false,"footnotes":""},"class_list":["post-10256","page","type-page","status-publish","hentry"],"yoast_head":"<!-- This site is optimized with the Yoast SEO plugin v20.3 - https:\/\/yoast.com\/wordpress\/plugins\/seo\/ -->\n<title>Construcci\u00f3n de obra nueva, Casas pasivas Passivhaus y viviendas NZEB - Navarro T\u00e8cnics<\/title>\n<meta name=\"robots\" content=\"index, follow, max-snippet:-1, max-image-preview:large, max-video-preview:-1\" \/>\n<link rel=\"canonical\" href=\"https:\/\/www.navarrotecnics.com\/es\/construccion-de-obra-nueva-casas-pasivas-passivhaus-y-viviendas-nzeb\/\" \/>\n<meta property=\"og:locale\" content=\"es_ES\" \/>\n<meta property=\"og:type\" content=\"article\" \/>\n<meta property=\"og:title\" content=\"Construcci\u00f3n de obra nueva, Casas pasivas Passivhaus y viviendas NZEB - Navarro T\u00e8cnics\" \/>\n<meta property=\"og:description\" content=\"B2C Edificaciones y viviendas NZEB Dentro de nuestra filosof\u00eda de edificaci\u00f3n sostenible, saludable y amigable con el medioambiente, est\u00e1 una de nuestras especialidades, las viviendas NZEB con consumos energ\u00e9ticos nulos. Estas edificaciones de consumo casi nulo, son [&hellip;]\" \/>\n<meta property=\"og:url\" content=\"https:\/\/www.navarrotecnics.com\/es\/construccion-de-obra-nueva-casas-pasivas-passivhaus-y-viviendas-nzeb\/\" \/>\n<meta property=\"og:site_name\" content=\"Navarro T\u00e8cnics\" \/>\n<meta property=\"article:modified_time\" content=\"2022-04-12T15:12:35+00:00\" \/>\n<meta name=\"twitter:card\" content=\"summary_large_image\" \/>\n<meta name=\"twitter:label1\" content=\"Tiempo de lectura\" \/>\n\t<meta name=\"twitter:data1\" content=\"2 minutos\" \/>\n<script type=\"application\/ld+json\" class=\"yoast-schema-graph\">{\"@context\":\"https:\/\/schema.org\",\"@graph\":[{\"@type\":\"WebPage\",\"@id\":\"https:\/\/www.navarrotecnics.com\/es\/construccion-de-obra-nueva-casas-pasivas-passivhaus-y-viviendas-nzeb\/\",\"url\":\"https:\/\/www.navarrotecnics.com\/es\/construccion-de-obra-nueva-casas-pasivas-passivhaus-y-viviendas-nzeb\/\",\"name\":\"Construcci\u00f3n de obra nueva, Casas pasivas Passivhaus y viviendas NZEB - Navarro T\u00e8cnics\",\"isPartOf\":{\"@id\":\"https:\/\/www.navarrotecnics.com\/#website\"},\"datePublished\":\"2022-03-13T11:29:55+00:00\",\"dateModified\":\"2022-04-12T15:12:35+00:00\",\"breadcrumb\":{\"@id\":\"https:\/\/www.navarrotecnics.com\/es\/construccion-de-obra-nueva-casas-pasivas-passivhaus-y-viviendas-nzeb\/#breadcrumb\"},\"inLanguage\":\"es\",\"potentialAction\":[{\"@type\":\"ReadAction\",\"target\":[\"https:\/\/www.navarrotecnics.com\/es\/construccion-de-obra-nueva-casas-pasivas-passivhaus-y-viviendas-nzeb\/\"]}]},{\"@type\":\"BreadcrumbList\",\"@id\":\"https:\/\/www.navarrotecnics.com\/es\/construccion-de-obra-nueva-casas-pasivas-passivhaus-y-viviendas-nzeb\/#breadcrumb\",\"itemListElement\":[{\"@type\":\"ListItem\",\"position\":1,\"name\":\"Portada\",\"item\":\"https:\/\/www.navarrotecnics.com\/es\/\"},{\"@type\":\"ListItem\",\"position\":2,\"name\":\"Construcci\u00f3n de obra nueva, Casas pasivas Passivhaus y viviendas NZEB\"}]},{\"@type\":\"WebSite\",\"@id\":\"https:\/\/www.navarrotecnics.com\/#website\",\"url\":\"https:\/\/www.navarrotecnics.com\/\",\"name\":\"Navarro T\u00e8cnics\",\"description\":\"Especialistes en el camp de la construcci\u00f3\",\"potentialAction\":[{\"@type\":\"SearchAction\",\"target\":{\"@type\":\"EntryPoint\",\"urlTemplate\":\"https:\/\/www.navarrotecnics.com\/?s={search_term_string}\"},\"query-input\":\"required name=search_term_string\"}],\"inLanguage\":\"es\"}]}<\/script>\n<!-- \/ Yoast SEO plugin. -->","yoast_head_json":{"title":"Construcci\u00f3n de obra nueva, Casas pasivas Passivhaus y viviendas NZEB - Navarro T\u00e8cnics","robots":{"index":"index","follow":"follow","max-snippet":"max-snippet:-1","max-image-preview":"max-image-preview:large","max-video-preview":"max-video-preview:-1"},"canonical":"https:\/\/www.navarrotecnics.com\/es\/construccion-de-obra-nueva-casas-pasivas-passivhaus-y-viviendas-nzeb\/","og_locale":"es_ES","og_type":"article","og_title":"Construcci\u00f3n de obra nueva, Casas pasivas Passivhaus y viviendas NZEB - Navarro T\u00e8cnics","og_description":"B2C Edificaciones y viviendas NZEB Dentro de nuestra filosof\u00eda de edificaci\u00f3n sostenible, saludable y amigable con el medioambiente, est\u00e1 una de nuestras especialidades, las viviendas NZEB con consumos energ\u00e9ticos nulos. Estas edificaciones de consumo casi nulo, son [&hellip;]","og_url":"https:\/\/www.navarrotecnics.com\/es\/construccion-de-obra-nueva-casas-pasivas-passivhaus-y-viviendas-nzeb\/","og_site_name":"Navarro T\u00e8cnics","article_modified_time":"2022-04-12T15:12:35+00:00","twitter_card":"summary_large_image","twitter_misc":{"Tiempo de lectura":"2 minutos"},"schema":{"@context":"https:\/\/schema.org","@graph":[{"@type":"WebPage","@id":"https:\/\/www.navarrotecnics.com\/es\/construccion-de-obra-nueva-casas-pasivas-passivhaus-y-viviendas-nzeb\/","url":"https:\/\/www.navarrotecnics.com\/es\/construccion-de-obra-nueva-casas-pasivas-passivhaus-y-viviendas-nzeb\/","name":"Construcci\u00f3n de obra nueva, Casas pasivas Passivhaus y viviendas NZEB - Navarro T\u00e8cnics","isPartOf":{"@id":"https:\/\/www.navarrotecnics.com\/#website"},"datePublished":"2022-03-13T11:29:55+00:00","dateModified":"2022-04-12T15:12:35+00:00","breadcrumb":{"@id":"https:\/\/www.navarrotecnics.com\/es\/construccion-de-obra-nueva-casas-pasivas-passivhaus-y-viviendas-nzeb\/#breadcrumb"},"inLanguage":"es","potentialAction":[{"@type":"ReadAction","target":["https:\/\/www.navarrotecnics.com\/es\/construccion-de-obra-nueva-casas-pasivas-passivhaus-y-viviendas-nzeb\/"]}]},{"@type":"BreadcrumbList","@id":"https:\/\/www.navarrotecnics.com\/es\/construccion-de-obra-nueva-casas-pasivas-passivhaus-y-viviendas-nzeb\/#breadcrumb","itemListElement":[{"@type":"ListItem","position":1,"name":"Portada","item":"https:\/\/www.navarrotecnics.com\/es\/"},{"@type":"ListItem","position":2,"name":"Construcci\u00f3n de obra nueva, Casas pasivas Passivhaus y viviendas NZEB"}]},{"@type":"WebSite","@id":"https:\/\/www.navarrotecnics.com\/#website","url":"https:\/\/www.navarrotecnics.com\/","name":"Navarro T\u00e8cnics","description":"Especialistes en el camp de la construcci\u00f3","potentialAction":[{"@type":"SearchAction","target":{"@type":"EntryPoint","urlTemplate":"https:\/\/www.navarrotecnics.com\/?s={search_term_string}"},"query-input":"required name=search_term_string"}],"inLanguage":"es"}]}},"_links":{"self":[{"href":"https:\/\/www.navarrotecnics.com\/es\/wp-json\/wp\/v2\/pages\/10256","targetHints":{"allow":["GET"]}}],"collection":[{"href":"https:\/\/www.navarrotecnics.com\/es\/wp-json\/wp\/v2\/pages"}],"about":[{"href":"https:\/\/www.navarrotecnics.com\/es\/wp-json\/wp\/v2\/types\/page"}],"author":[{"embeddable":true,"href":"https:\/\/www.navarrotecnics.com\/es\/wp-json\/wp\/v2\/users\/1"}],"replies":[{"embeddable":true,"href":"https:\/\/www.navarrotecnics.com\/es\/wp-json\/wp\/v2\/comments?post=10256"}],"version-history":[{"count":7,"href":"https:\/\/www.navarrotecnics.com\/es\/wp-json\/wp\/v2\/pages\/10256\/revisions"}],"predecessor-version":[{"id":10526,"href":"https:\/\/www.navarrotecnics.com\/es\/wp-json\/wp\/v2\/pages\/10256\/revisions\/10526"}],"wp:attachment":[{"href":"https:\/\/www.navarrotecnics.com\/es\/wp-json\/wp\/v2\/media?parent=10256"}],"curies":[{"name":"wp","href":"https:\/\/api.w.org\/{rel}","templated":true}]}}