{"id":10260,"date":"2022-03-13T11:37:09","date_gmt":"2022-03-13T11:37:09","guid":{"rendered":"https:\/\/www.navarrotecnics.com\/inspecciones-e-informes-tecnicos\/"},"modified":"2022-04-13T05:50:42","modified_gmt":"2022-04-13T05:50:42","slug":"inspecciones-e-informes-tecnicos","status":"publish","type":"page","link":"https:\/\/www.navarrotecnics.com\/es\/inspecciones-e-informes-tecnicos\/","title":{"rendered":"Inspecciones e informes t\u00e9cnicos"},"content":{"rendered":"\t\t<div data-elementor-type=\"wp-page\" data-elementor-id=\"10260\" class=\"elementor elementor-10260 elementor-8000\">\n\t\t\t\t\t\t\t\t\t<div class=\"elementor-section elementor-top-section elementor-element elementor-element-3caff66 elementor-section-height-min-height elementor-section-items-stretch elementor-section-boxed elementor-section-height-default\" data-id=\"3caff66\" data-element_type=\"section\" data-settings=\"{&quot;background_background&quot;:&quot;classic&quot;}\">\n\t\t\t\t\t\t<div class=\"elementor-container elementor-column-gap-default\">\n\t\t\t\t\t<div class=\"elementor-column elementor-col-100 elementor-top-column elementor-element elementor-element-1449bfa lakit-col-width-auto-no\" data-id=\"1449bfa\" data-element_type=\"column\" data-settings=\"{&quot;background_background&quot;:&quot;classic&quot;}\">\n\t\t\t<div class=\"elementor-widget-wrap elementor-element-populated\">\n\t\t\t\t\t\t\t\t<div class=\"elementor-element elementor-element-f586afb elementor-invisible lakit-has-entrance-animation elementor-widget elementor-widget-heading\" data-id=\"f586afb\" data-element_type=\"widget\" data-settings=\"{&quot;_animation&quot;:&quot;lakitShortFadeInUp&quot;,&quot;_animation_delay&quot;:200}\" data-widget_type=\"heading.default\">\n\t\t\t\t<div class=\"elementor-widget-container\">\n\t\t\t<style>\/*! elementor - v3.8.1 - 13-11-2022 *\/\n.elementor-heading-title{padding:0;margin:0;line-height:1}.elementor-widget-heading .elementor-heading-title[class*=elementor-size-]>a{color:inherit;font-size:inherit;line-height:inherit}.elementor-widget-heading .elementor-heading-title.elementor-size-small{font-size:15px}.elementor-widget-heading .elementor-heading-title.elementor-size-medium{font-size:19px}.elementor-widget-heading .elementor-heading-title.elementor-size-large{font-size:29px}.elementor-widget-heading .elementor-heading-title.elementor-size-xl{font-size:39px}.elementor-widget-heading .elementor-heading-title.elementor-size-xxl{font-size:59px}<\/style><h1 class=\"elementor-heading-title elementor-size-default\">Inspecciones e informes t\u00e9cnicos<\/h1>\t\t<\/div>\n\t\t\t\t<\/div>\n\t\t\t\t<div class=\"elementor-element elementor-element-a6edb28 titulo-lineas elementor-widget__width-auto elementor-widget elementor-widget-heading\" data-id=\"a6edb28\" data-element_type=\"widget\" data-widget_type=\"heading.default\">\n\t\t\t\t<div class=\"elementor-widget-container\">\n\t\t\t<span class=\"elementor-heading-title elementor-size-default\">B2B<\/span>\t\t<\/div>\n\t\t\t\t<\/div>\n\t\t\t\t\t<\/div>\n\t\t<\/div>\n\t\t\t\t\t\t\t<\/div>\n\t\t<\/div>\n\t\t\t\t<div class=\"elementor-section elementor-top-section elementor-element elementor-element-5dd038d elementor-section-boxed elementor-section-height-default elementor-section-height-default\" data-id=\"5dd038d\" data-element_type=\"section\">\n\t\t\t\t\t\t<div class=\"elementor-container elementor-column-gap-default\">\n\t\t\t\t\t<div class=\"elementor-column elementor-col-50 elementor-top-column elementor-element elementor-element-4c01684 lakit-col-width-auto-no\" data-id=\"4c01684\" data-element_type=\"column\">\n\t\t\t<div class=\"elementor-widget-wrap elementor-element-populated\">\n\t\t\t\t\t\t\t\t<div class=\"elementor-element elementor-element-5df1591 elementor-widget elementor-widget-heading\" data-id=\"5df1591\" data-element_type=\"widget\" data-widget_type=\"heading.default\">\n\t\t\t\t<div class=\"elementor-widget-container\">\n\t\t\t<h3 class=\"elementor-heading-title elementor-size-default\">Inspecciones t\u00e9cnicas de edificios<\/h3>\t\t<\/div>\n\t\t\t\t<\/div>\n\t\t\t\t<div class=\"elementor-element elementor-element-5d9be4c elementor-widget elementor-widget-text-editor\" data-id=\"5d9be4c\" data-element_type=\"widget\" data-widget_type=\"text-editor.default\">\n\t\t\t\t<div class=\"elementor-widget-container\">\n\t\t\t<style>\/*! elementor - v3.8.1 - 13-11-2022 *\/\n.elementor-widget-text-editor.elementor-drop-cap-view-stacked .elementor-drop-cap{background-color:#818a91;color:#fff}.elementor-widget-text-editor.elementor-drop-cap-view-framed .elementor-drop-cap{color:#818a91;border:3px solid;background-color:transparent}.elementor-widget-text-editor:not(.elementor-drop-cap-view-default) .elementor-drop-cap{margin-top:8px}.elementor-widget-text-editor:not(.elementor-drop-cap-view-default) .elementor-drop-cap-letter{width:1em;height:1em}.elementor-widget-text-editor .elementor-drop-cap{float:left;text-align:center;line-height:1;font-size:50px}.elementor-widget-text-editor .elementor-drop-cap-letter{display:inline-block}<\/style>\t\t\t\t<p>Somos Arquitectos t\u00e9cnicos especialistas en ITE, donde realizamos aquellas modificaciones o mejoras que se consideren necesarias para superar la ITE y cumplir las condiciones m\u00ednimas de seguridad.<\/p><p>Comprobamos las condiciones de seguridad, estabilidad y consolidaci\u00f3n del edificio. Tratamos de confirmar que la\u00a0construcci\u00f3n en cuesti\u00f3n cumple con los requisitos de seguridad, salubridad y accesibilidad establecidos por la ley.<\/p>\t\t\t\t\t\t<\/div>\n\t\t\t\t<\/div>\n\t\t\t\t<div class=\"elementor-element elementor-element-ed35d45 elementor-widget elementor-widget-heading\" data-id=\"ed35d45\" data-element_type=\"widget\" data-widget_type=\"heading.default\">\n\t\t\t\t<div class=\"elementor-widget-container\">\n\t\t\t<h3 class=\"elementor-heading-title elementor-size-default\">C\u00e9dulas de habitabilidad<\/h3>\t\t<\/div>\n\t\t\t\t<\/div>\n\t\t\t\t<div class=\"elementor-element elementor-element-2b90821 elementor-widget elementor-widget-text-editor\" data-id=\"2b90821\" data-element_type=\"widget\" data-widget_type=\"text-editor.default\">\n\t\t\t\t<div class=\"elementor-widget-container\">\n\t\t\t\t\t\t\t<p>En NavarroT\u00e8cnics realizamos informes de c\u00e9dula de habitabilidad conforme una vivienda re\u00fane las condiciones b\u00e1sicas para ser habitada, requisitos t\u00e9cnicos e higi\u00e9nico-sanitarios m\u00ednimos, sin perjuicio de que en la misma se realicen otras actividades debidamente autorizadas como contratar servicios y suministros y vender o alquilar la vivienda.<\/p><p>Comprobamos que cumple los par\u00e1metros de la normativa de Habitabilidad\u00a0<a href=\"http:\/\/www.gencat.cat\/diari\/5357\/09092022.htm\">seg\u00fan<\/a> los Decretos\u00a0sobre las condiciones de habitabilidad de las viviendas y la\u00a0<a href=\"http:\/\/www.cedula-habitabilidad.com.es\/cedula-habitabilidad.html\">c\u00e9dula de habitabilidad<\/a>. Una vez todo comprobado, realizamos el certificado de habitabilidad para que nuestro cliente pueda Tramitarlo con el ayuntamiento.<\/p>\t\t\t\t\t\t<\/div>\n\t\t\t\t<\/div>\n\t\t\t\t<div class=\"elementor-element elementor-element-8b50ed6 elementor-widget elementor-widget-heading\" data-id=\"8b50ed6\" data-element_type=\"widget\" data-widget_type=\"heading.default\">\n\t\t\t\t<div class=\"elementor-widget-container\">\n\t\t\t<h3 class=\"elementor-heading-title elementor-size-default\">Certificados y legalizaciones<\/h3>\t\t<\/div>\n\t\t\t\t<\/div>\n\t\t\t\t<div class=\"elementor-element elementor-element-bbc4979 elementor-widget elementor-widget-text-editor\" data-id=\"bbc4979\" data-element_type=\"widget\" data-widget_type=\"text-editor.default\">\n\t\t\t\t<div class=\"elementor-widget-container\">\n\t\t\t\t\t\t\t<p>En muchas ocasiones nos encontramos con la necesidad de\u00a0demostrar la legalidad\u00a0de la propiedad o de una modificaci\u00f3n realizada; en caso de venta, alquiler o realizaci\u00f3n de\u00a0obras de rehabilitaci\u00f3n y acondicionamiento. Debe hacerse conforme a la normativa y debe justificarse el cumplimiento de las normas urban\u00edsticas vigentes. En NavarroT\u00e8cnics certificamos tu proyecto y, si te ves en una situaci\u00f3n de este tipo, no dudes en consultarnos para poner al d\u00eda tu inmueble.<\/p>\t\t\t\t\t\t<\/div>\n\t\t\t\t<\/div>\n\t\t\t\t<div class=\"elementor-element elementor-element-8f78de0 elementor-widget elementor-widget-heading\" data-id=\"8f78de0\" data-element_type=\"widget\" data-widget_type=\"heading.default\">\n\t\t\t\t<div class=\"elementor-widget-container\">\n\t\t\t<h3 class=\"elementor-heading-title elementor-size-default\">Dict\u00e1menes y peritajes<\/h3>\t\t<\/div>\n\t\t\t\t<\/div>\n\t\t\t\t<div class=\"elementor-element elementor-element-c5d3108 elementor-widget elementor-widget-text-editor\" data-id=\"c5d3108\" data-element_type=\"widget\" data-widget_type=\"text-editor.default\">\n\t\t\t\t<div class=\"elementor-widget-container\">\n\t\t\t\t\t\t\t<p>Desde NavarroT\u00e9cnics realizamos Dict\u00e1menes orientados a la obtenci\u00f3n de pruebas espec\u00edficas junto a hip\u00f3tesis y opiniones de situaciones sucedidas. Juntamente a los dict\u00e1menes, donde establecemos conclusiones en base a hechos y datos, tambi\u00e9n somos expertos en peritaciones donde damos valoraciones econ\u00f3micas seg\u00fan los da\u00f1os provocados por la situaci\u00f3n espec\u00edfica.<\/p>\t\t\t\t\t\t<\/div>\n\t\t\t\t<\/div>\n\t\t\t\t<div class=\"elementor-element elementor-element-39dcaef elementor-widget elementor-widget-heading\" data-id=\"39dcaef\" data-element_type=\"widget\" data-widget_type=\"heading.default\">\n\t\t\t\t<div class=\"elementor-widget-container\">\n\t\t\t<h3 class=\"elementor-heading-title elementor-size-default\">Asesoramiento t\u00e9cnico<\/h3>\t\t<\/div>\n\t\t\t\t<\/div>\n\t\t\t\t<div class=\"elementor-element elementor-element-29148fb elementor-widget elementor-widget-text-editor\" data-id=\"29148fb\" data-element_type=\"widget\" data-widget_type=\"text-editor.default\">\n\t\t\t\t<div class=\"elementor-widget-container\">\n\t\t\t\t\t\t\t<p>Como Arquitectos T\u00e9cnicos, podemos asesorarte en los diferentes sistemas constructivos, medidas de Seguridad y medios auxiliares a emplear, comparativa de presupuestos para comunidades y particulares, y mucho m\u00e1s en relaci\u00f3n a las distintas dudas que se puedan plantear a la hora de abordar un proyecto o una obra. \u00a0Con NavarroT\u00e8cnics podr\u00e1s optimizar espacios y calidades, y minimizar riesgos y costes de tu proyecto.<\/p>\t\t\t\t\t\t<\/div>\n\t\t\t\t<\/div>\n\t\t\t\t\t<\/div>\n\t\t<\/div>\n\t\t\t\t<div class=\"elementor-column elementor-col-50 elementor-top-column elementor-element elementor-element-f69f39c lakit-col-width-auto-no\" data-id=\"f69f39c\" data-element_type=\"column\" data-settings=\"{&quot;background_background&quot;:&quot;classic&quot;}\">\n\t\t\t<div class=\"elementor-widget-wrap elementor-element-populated\">\n\t\t\t\t\t\t\t\t<div class=\"elementor-element elementor-element-1e5cfe0 elementor-widget elementor-widget-spacer\" data-id=\"1e5cfe0\" data-element_type=\"widget\" data-widget_type=\"spacer.default\">\n\t\t\t\t<div class=\"elementor-widget-container\">\n\t\t\t<style>\/*! elementor - v3.8.1 - 13-11-2022 *\/\n.elementor-column .elementor-spacer-inner{height:var(--spacer-size)}.e-con{--container-widget-width:100%}.e-con-inner>.elementor-widget-spacer,.e-con>.elementor-widget-spacer{width:var(--container-widget-width,var(--spacer-size));-ms-flex-item-align:stretch;align-self:stretch;-ms-flex-negative:0;flex-shrink:0}.e-con-inner>.elementor-widget-spacer>.elementor-widget-container,.e-con-inner>.elementor-widget-spacer>.elementor-widget-container>.elementor-spacer,.e-con>.elementor-widget-spacer>.elementor-widget-container,.e-con>.elementor-widget-spacer>.elementor-widget-container>.elementor-spacer{height:100%}.e-con-inner>.elementor-widget-spacer>.elementor-widget-container>.elementor-spacer>.elementor-spacer-inner,.e-con>.elementor-widget-spacer>.elementor-widget-container>.elementor-spacer>.elementor-spacer-inner{height:var(--container-widget-height,var(--spacer-size))}<\/style>\t\t<div class=\"elementor-spacer\">\n\t\t\t<div class=\"elementor-spacer-inner\"><\/div>\n\t\t<\/div>\n\t\t\t\t<\/div>\n\t\t\t\t<\/div>\n\t\t\t\t\t<\/div>\n\t\t<\/div>\n\t\t\t\t\t\t\t<\/div>\n\t\t<\/div>\n\t\t\t\t<div class=\"elementor-section elementor-top-section elementor-element elementor-element-5c72bdd elementor-section-boxed elementor-section-height-default elementor-section-height-default\" data-id=\"5c72bdd\" data-element_type=\"section\">\n\t\t\t\t\t\t<div class=\"elementor-container elementor-column-gap-default\">\n\t\t\t\t\t<div class=\"elementor-column elementor-col-33 elementor-top-column elementor-element elementor-element-221186a lakit-col-width-auto-no\" data-id=\"221186a\" data-element_type=\"column\">\n\t\t\t<div class=\"elementor-widget-wrap elementor-element-populated\">\n\t\t\t\t\t\t\t\t<div class=\"elementor-element elementor-element-65eaf23 elementor-align-right btn-nav btn-nav-next elementor-widget__width-auto elementor-widget elementor-widget-button\" data-id=\"65eaf23\" data-element_type=\"widget\" data-widget_type=\"button.default\">\n\t\t\t\t<div class=\"elementor-widget-container\">\n\t\t\t\t\t<div class=\"elementor-button-wrapper\">\n\t\t\t<a href=\"https:\/\/www.navarrotecnics.com\/es\/edificaciones-sostenibles-y-saludables\/\" class=\"elementor-button-link elementor-button elementor-size-sm\" role=\"button\">\n\t\t\t\t\t\t<span class=\"elementor-button-content-wrapper\">\n\t\t\t\t\t\t\t<span class=\"elementor-button-icon elementor-align-icon-left\">\n\t\t\t\t<svg xmlns=\"http:\/\/www.w3.org\/2000\/svg\" width=\"103.792\" height=\"60.059\" viewBox=\"0 0 103.792 60.059\"><path d=\"M853.348,4724.094l-20.855,30.029-2.069-2.979,17.319-24.941H749.555v-4.217h98.187l-17.319-24.937,2.069-2.984Z\" transform=\"translate(853.348 4754.123) rotate(180)\" fill=\"#6c6666\"><\/path><\/svg>\t\t\t<\/span>\n\t\t\t\t\t\t<span class=\"elementor-button-text\">Edificaciones sostenibles<br> y saludables<\/span>\n\t\t<\/span>\n\t\t\t\t\t<\/a>\n\t\t<\/div>\n\t\t\t\t<\/div>\n\t\t\t\t<\/div>\n\t\t\t\t\t<\/div>\n\t\t<\/div>\n\t\t\t\t<div class=\"elementor-column elementor-col-33 elementor-top-column elementor-element elementor-element-07fc668 lakit-col-width-auto-no\" data-id=\"07fc668\" data-element_type=\"column\">\n\t\t\t<div class=\"elementor-widget-wrap elementor-element-populated\">\n\t\t\t\t\t\t\t\t<div class=\"elementor-element elementor-element-a199818 elementor-align-center elementor-widget elementor-widget-button\" data-id=\"a199818\" data-element_type=\"widget\" data-widget_type=\"button.default\">\n\t\t\t\t<div class=\"elementor-widget-container\">\n\t\t\t\t\t<div class=\"elementor-button-wrapper\">\n\t\t\t<a href=\"https:\/\/www.navarrotecnics.com\/#b2b\" class=\"elementor-button-link elementor-button elementor-size-sm\" role=\"button\">\n\t\t\t\t\t\t<span class=\"elementor-button-content-wrapper\">\n\t\t\t\t\t\t<span class=\"elementor-button-text\">Volver a los servicios<\/span>\n\t\t<\/span>\n\t\t\t\t\t<\/a>\n\t\t<\/div>\n\t\t\t\t<\/div>\n\t\t\t\t<\/div>\n\t\t\t\t\t<\/div>\n\t\t<\/div>\n\t\t\t\t<div class=\"elementor-column elementor-col-33 elementor-top-column elementor-element elementor-element-e2e6168 lakit-col-width-auto-no\" data-id=\"e2e6168\" data-element_type=\"column\">\n\t\t\t<div class=\"elementor-widget-wrap elementor-element-populated\">\n\t\t\t\t\t\t\t\t<div class=\"elementor-element elementor-element-172910a elementor-align-right btn-nav btn-nav-next elementor-widget__width-auto elementor-widget elementor-widget-button\" data-id=\"172910a\" data-element_type=\"widget\" data-widget_type=\"button.default\">\n\t\t\t\t<div class=\"elementor-widget-container\">\n\t\t\t\t\t<div class=\"elementor-button-wrapper\">\n\t\t\t<a href=\"https:\/\/www.navarrotecnics.com\/es\/arquitectos-tecnicos-proyecto-y-obra\/\" class=\"elementor-button-link elementor-button elementor-size-sm\" role=\"button\">\n\t\t\t\t\t\t<span class=\"elementor-button-content-wrapper\">\n\t\t\t\t\t\t\t<span class=\"elementor-button-icon elementor-align-icon-right\">\n\t\t\t\t<svg xmlns=\"http:\/\/www.w3.org\/2000\/svg\" width=\"154.177\" height=\"81\" viewBox=\"0 0 154.177 81\"><path d=\"M903.732,4734.563l-30.979,40.5-3.073-4.02,25.726-33.637H749.555v-5.686H895.406l-25.726-33.633,3.073-4.025Z\" transform=\"translate(-749.555 -4694.063)\" fill=\"#6c6666\"><\/path><\/svg>\t\t\t<\/span>\n\t\t\t\t\t\t<span class=\"elementor-button-text\">Arquitectos t\u00e9cnicos<br> proyectos y obra<\/span>\n\t\t<\/span>\n\t\t\t\t\t<\/a>\n\t\t<\/div>\n\t\t\t\t<\/div>\n\t\t\t\t<\/div>\n\t\t\t\t\t<\/div>\n\t\t<\/div>\n\t\t\t\t\t\t\t<\/div>\n\t\t<\/div>\n\t\t\t\t\t\t\t<\/div>\n\t\t","protected":false},"excerpt":{"rendered":"<p>B2B Inspecciones t\u00e9cnicas de edificios Somos Arquitectos t\u00e9cnicos especialistas en ITE, donde realizamos aquellas modificaciones o mejoras que se consideren necesarias para superar la ITE y cumplir las condiciones m\u00ednimas de seguridad. Comprobamos las condiciones de seguridad, [&hellip;]<\/p>\n","protected":false},"author":1,"featured_media":0,"parent":0,"menu_order":0,"comment_status":"closed","ping_status":"closed","template":"","meta":{"inline_featured_image":false,"footnotes":""},"class_list":["post-10260","page","type-page","status-publish","hentry"],"yoast_head":"<!-- This site is optimized with the Yoast SEO plugin v20.3 - https:\/\/yoast.com\/wordpress\/plugins\/seo\/ -->\n<title>Inspecciones e informes t\u00e9cnicos - Navarro T\u00e8cnics<\/title>\n<meta name=\"robots\" content=\"index, follow, max-snippet:-1, max-image-preview:large, max-video-preview:-1\" \/>\n<link rel=\"canonical\" href=\"https:\/\/www.navarrotecnics.com\/es\/inspecciones-e-informes-tecnicos\/\" \/>\n<meta property=\"og:locale\" content=\"es_ES\" \/>\n<meta property=\"og:type\" content=\"article\" \/>\n<meta property=\"og:title\" content=\"Inspecciones e informes t\u00e9cnicos - Navarro T\u00e8cnics\" \/>\n<meta property=\"og:description\" content=\"B2B Inspecciones t\u00e9cnicas de edificios Somos Arquitectos t\u00e9cnicos especialistas en ITE, donde realizamos aquellas modificaciones o mejoras que se consideren necesarias para superar la ITE y cumplir las condiciones m\u00ednimas de seguridad. Comprobamos las condiciones de seguridad, [&hellip;]\" \/>\n<meta property=\"og:url\" content=\"https:\/\/www.navarrotecnics.com\/es\/inspecciones-e-informes-tecnicos\/\" \/>\n<meta property=\"og:site_name\" content=\"Navarro T\u00e8cnics\" \/>\n<meta property=\"article:modified_time\" content=\"2022-04-13T05:50:42+00:00\" \/>\n<meta name=\"twitter:card\" content=\"summary_large_image\" \/>\n<meta name=\"twitter:label1\" content=\"Tiempo de lectura\" \/>\n\t<meta name=\"twitter:data1\" content=\"2 minutos\" \/>\n<script type=\"application\/ld+json\" class=\"yoast-schema-graph\">{\"@context\":\"https:\/\/schema.org\",\"@graph\":[{\"@type\":\"WebPage\",\"@id\":\"https:\/\/www.navarrotecnics.com\/es\/inspecciones-e-informes-tecnicos\/\",\"url\":\"https:\/\/www.navarrotecnics.com\/es\/inspecciones-e-informes-tecnicos\/\",\"name\":\"Inspecciones e informes t\u00e9cnicos - Navarro T\u00e8cnics\",\"isPartOf\":{\"@id\":\"https:\/\/www.navarrotecnics.com\/#website\"},\"datePublished\":\"2022-03-13T11:37:09+00:00\",\"dateModified\":\"2022-04-13T05:50:42+00:00\",\"breadcrumb\":{\"@id\":\"https:\/\/www.navarrotecnics.com\/es\/inspecciones-e-informes-tecnicos\/#breadcrumb\"},\"inLanguage\":\"es\",\"potentialAction\":[{\"@type\":\"ReadAction\",\"target\":[\"https:\/\/www.navarrotecnics.com\/es\/inspecciones-e-informes-tecnicos\/\"]}]},{\"@type\":\"BreadcrumbList\",\"@id\":\"https:\/\/www.navarrotecnics.com\/es\/inspecciones-e-informes-tecnicos\/#breadcrumb\",\"itemListElement\":[{\"@type\":\"ListItem\",\"position\":1,\"name\":\"Portada\",\"item\":\"https:\/\/www.navarrotecnics.com\/es\/\"},{\"@type\":\"ListItem\",\"position\":2,\"name\":\"Inspecciones e informes t\u00e9cnicos\"}]},{\"@type\":\"WebSite\",\"@id\":\"https:\/\/www.navarrotecnics.com\/#website\",\"url\":\"https:\/\/www.navarrotecnics.com\/\",\"name\":\"Navarro T\u00e8cnics\",\"description\":\"Especialistes en el camp de la construcci\u00f3\",\"potentialAction\":[{\"@type\":\"SearchAction\",\"target\":{\"@type\":\"EntryPoint\",\"urlTemplate\":\"https:\/\/www.navarrotecnics.com\/?s={search_term_string}\"},\"query-input\":\"required name=search_term_string\"}],\"inLanguage\":\"es\"}]}<\/script>\n<!-- \/ Yoast SEO plugin. -->","yoast_head_json":{"title":"Inspecciones e informes t\u00e9cnicos - Navarro T\u00e8cnics","robots":{"index":"index","follow":"follow","max-snippet":"max-snippet:-1","max-image-preview":"max-image-preview:large","max-video-preview":"max-video-preview:-1"},"canonical":"https:\/\/www.navarrotecnics.com\/es\/inspecciones-e-informes-tecnicos\/","og_locale":"es_ES","og_type":"article","og_title":"Inspecciones e informes t\u00e9cnicos - Navarro T\u00e8cnics","og_description":"B2B Inspecciones t\u00e9cnicas de edificios Somos Arquitectos t\u00e9cnicos especialistas en ITE, donde realizamos aquellas modificaciones o mejoras que se consideren necesarias para superar la ITE y cumplir las condiciones m\u00ednimas de seguridad. Comprobamos las condiciones de seguridad, [&hellip;]","og_url":"https:\/\/www.navarrotecnics.com\/es\/inspecciones-e-informes-tecnicos\/","og_site_name":"Navarro T\u00e8cnics","article_modified_time":"2022-04-13T05:50:42+00:00","twitter_card":"summary_large_image","twitter_misc":{"Tiempo de lectura":"2 minutos"},"schema":{"@context":"https:\/\/schema.org","@graph":[{"@type":"WebPage","@id":"https:\/\/www.navarrotecnics.com\/es\/inspecciones-e-informes-tecnicos\/","url":"https:\/\/www.navarrotecnics.com\/es\/inspecciones-e-informes-tecnicos\/","name":"Inspecciones e informes t\u00e9cnicos - Navarro T\u00e8cnics","isPartOf":{"@id":"https:\/\/www.navarrotecnics.com\/#website"},"datePublished":"2022-03-13T11:37:09+00:00","dateModified":"2022-04-13T05:50:42+00:00","breadcrumb":{"@id":"https:\/\/www.navarrotecnics.com\/es\/inspecciones-e-informes-tecnicos\/#breadcrumb"},"inLanguage":"es","potentialAction":[{"@type":"ReadAction","target":["https:\/\/www.navarrotecnics.com\/es\/inspecciones-e-informes-tecnicos\/"]}]},{"@type":"BreadcrumbList","@id":"https:\/\/www.navarrotecnics.com\/es\/inspecciones-e-informes-tecnicos\/#breadcrumb","itemListElement":[{"@type":"ListItem","position":1,"name":"Portada","item":"https:\/\/www.navarrotecnics.com\/es\/"},{"@type":"ListItem","position":2,"name":"Inspecciones e informes t\u00e9cnicos"}]},{"@type":"WebSite","@id":"https:\/\/www.navarrotecnics.com\/#website","url":"https:\/\/www.navarrotecnics.com\/","name":"Navarro T\u00e8cnics","description":"Especialistes en el camp de la construcci\u00f3","potentialAction":[{"@type":"SearchAction","target":{"@type":"EntryPoint","urlTemplate":"https:\/\/www.navarrotecnics.com\/?s={search_term_string}"},"query-input":"required name=search_term_string"}],"inLanguage":"es"}]}},"_links":{"self":[{"href":"https:\/\/www.navarrotecnics.com\/es\/wp-json\/wp\/v2\/pages\/10260","targetHints":{"allow":["GET"]}}],"collection":[{"href":"https:\/\/www.navarrotecnics.com\/es\/wp-json\/wp\/v2\/pages"}],"about":[{"href":"https:\/\/www.navarrotecnics.com\/es\/wp-json\/wp\/v2\/types\/page"}],"author":[{"embeddable":true,"href":"https:\/\/www.navarrotecnics.com\/es\/wp-json\/wp\/v2\/users\/1"}],"replies":[{"embeddable":true,"href":"https:\/\/www.navarrotecnics.com\/es\/wp-json\/wp\/v2\/comments?post=10260"}],"version-history":[{"count":4,"href":"https:\/\/www.navarrotecnics.com\/es\/wp-json\/wp\/v2\/pages\/10260\/revisions"}],"predecessor-version":[{"id":10576,"href":"https:\/\/www.navarrotecnics.com\/es\/wp-json\/wp\/v2\/pages\/10260\/revisions\/10576"}],"wp:attachment":[{"href":"https:\/\/www.navarrotecnics.com\/es\/wp-json\/wp\/v2\/media?parent=10260"}],"curies":[{"name":"wp","href":"https:\/\/api.w.org\/{rel}","templated":true}]}}