{"id":10262,"date":"2022-03-13T11:27:31","date_gmt":"2022-03-13T11:27:31","guid":{"rendered":"https:\/\/www.navarrotecnics.com\/mantenimiento-y-rehabilitacion-de-edificios-y-viviendas\/"},"modified":"2022-04-12T15:20:11","modified_gmt":"2022-04-12T15:20:11","slug":"mantenimiento-y-rehabilitacion-de-edificios-y-viviendas","status":"publish","type":"page","link":"https:\/\/www.navarrotecnics.com\/es\/mantenimiento-y-rehabilitacion-de-edificios-y-viviendas\/","title":{"rendered":"Mantenimiento y rehabilitaci\u00f3n de edificios y viviendas"},"content":{"rendered":"\t\t<div data-elementor-type=\"wp-page\" data-elementor-id=\"10262\" class=\"elementor elementor-10262 elementor-7989\">\n\t\t\t\t\t\t\t\t\t<div class=\"elementor-section elementor-top-section elementor-element elementor-element-4977461 elementor-section-height-min-height elementor-section-boxed elementor-section-height-default elementor-section-items-middle\" data-id=\"4977461\" data-element_type=\"section\" data-settings=\"{&quot;background_background&quot;:&quot;classic&quot;}\">\n\t\t\t\t\t\t\t<div class=\"elementor-background-overlay\"><\/div>\n\t\t\t\t\t\t\t<div class=\"elementor-container elementor-column-gap-default\">\n\t\t\t\t\t<div class=\"elementor-column elementor-col-100 elementor-top-column elementor-element elementor-element-1e07a62 lakit-col-width-auto-no\" data-id=\"1e07a62\" data-element_type=\"column\">\n\t\t\t<div class=\"elementor-widget-wrap elementor-element-populated\">\n\t\t\t\t\t\t\t\t<div class=\"elementor-element elementor-element-397133b elementor-invisible lakit-has-entrance-animation elementor-widget elementor-widget-heading\" data-id=\"397133b\" data-element_type=\"widget\" data-settings=\"{&quot;_animation&quot;:&quot;lakitShortFadeInUp&quot;,&quot;_animation_delay&quot;:200}\" data-widget_type=\"heading.default\">\n\t\t\t\t<div class=\"elementor-widget-container\">\n\t\t\t<style>\/*! elementor - v3.8.1 - 13-11-2022 *\/\n.elementor-heading-title{padding:0;margin:0;line-height:1}.elementor-widget-heading .elementor-heading-title[class*=elementor-size-]>a{color:inherit;font-size:inherit;line-height:inherit}.elementor-widget-heading .elementor-heading-title.elementor-size-small{font-size:15px}.elementor-widget-heading .elementor-heading-title.elementor-size-medium{font-size:19px}.elementor-widget-heading .elementor-heading-title.elementor-size-large{font-size:29px}.elementor-widget-heading .elementor-heading-title.elementor-size-xl{font-size:39px}.elementor-widget-heading .elementor-heading-title.elementor-size-xxl{font-size:59px}<\/style><h1 class=\"elementor-heading-title elementor-size-default\">Mantenimiento y rehabilitaci\u00f3n de edificios y viviendas<\/h1>\t\t<\/div>\n\t\t\t\t<\/div>\n\t\t\t\t<div class=\"elementor-element elementor-element-9d439b9 titulo-lineas elementor-widget__width-auto elementor-widget elementor-widget-heading\" data-id=\"9d439b9\" data-element_type=\"widget\" data-widget_type=\"heading.default\">\n\t\t\t\t<div class=\"elementor-widget-container\">\n\t\t\t<span class=\"elementor-heading-title elementor-size-default\">B2C<\/span>\t\t<\/div>\n\t\t\t\t<\/div>\n\t\t\t\t\t<\/div>\n\t\t<\/div>\n\t\t\t\t\t\t\t<\/div>\n\t\t<\/div>\n\t\t\t\t<div class=\"elementor-section elementor-top-section elementor-element elementor-element-7c687e2 elementor-section-boxed elementor-section-height-default elementor-section-height-default\" data-id=\"7c687e2\" data-element_type=\"section\">\n\t\t\t\t\t\t<div class=\"elementor-container elementor-column-gap-default\">\n\t\t\t\t\t<div class=\"elementor-column elementor-col-50 elementor-top-column elementor-element elementor-element-1ca6934 lakit-col-width-auto-no\" data-id=\"1ca6934\" data-element_type=\"column\">\n\t\t\t<div class=\"elementor-widget-wrap elementor-element-populated\">\n\t\t\t\t\t\t\t\t<div class=\"elementor-element elementor-element-104a719 elementor-widget elementor-widget-text-editor\" data-id=\"104a719\" data-element_type=\"widget\" data-widget_type=\"text-editor.default\">\n\t\t\t\t<div class=\"elementor-widget-container\">\n\t\t\t<style>\/*! elementor - v3.8.1 - 13-11-2022 *\/\n.elementor-widget-text-editor.elementor-drop-cap-view-stacked .elementor-drop-cap{background-color:#818a91;color:#fff}.elementor-widget-text-editor.elementor-drop-cap-view-framed .elementor-drop-cap{color:#818a91;border:3px solid;background-color:transparent}.elementor-widget-text-editor:not(.elementor-drop-cap-view-default) .elementor-drop-cap{margin-top:8px}.elementor-widget-text-editor:not(.elementor-drop-cap-view-default) .elementor-drop-cap-letter{width:1em;height:1em}.elementor-widget-text-editor .elementor-drop-cap{float:left;text-align:center;line-height:1;font-size:50px}.elementor-widget-text-editor .elementor-drop-cap-letter{display:inline-block}<\/style>\t\t\t\t<p>En Navarro t\u00e8cnics realizamos mantenimiento activo para la conservaci\u00f3n y prevenci\u00f3n de los inmuebles para evitar o anticiparnos a los problemas y abaratar los costes derivados de su soluci\u00f3n. Sobre todo, normalmente orientado a edificios hist\u00f3ricos y a los grandes inmuebles, el mantenimiento es fundamental en estos tipos de proyectos.<\/p>\t\t\t\t\t\t<\/div>\n\t\t\t\t<\/div>\n\t\t\t\t<div class=\"elementor-element elementor-element-3cced59 elementor-widget elementor-widget-image\" data-id=\"3cced59\" data-element_type=\"widget\" data-widget_type=\"image.default\">\n\t\t\t\t<div class=\"elementor-widget-container\">\n\t\t\t<style>\/*! elementor - v3.8.1 - 13-11-2022 *\/\n.elementor-widget-image{text-align:center}.elementor-widget-image a{display:inline-block}.elementor-widget-image a img[src$=\".svg\"]{width:48px}.elementor-widget-image img{vertical-align:middle;display:inline-block}<\/style>\t\t\t\t\t\t\t\t\t\t\t\t<img loading=\"lazy\" decoding=\"async\" width=\"546\" height=\"572\" src=\"https:\/\/www.navarrotecnics.com\/wp-content\/uploads\/2022\/03\/Interseccio\u0301n-40.jpg\" class=\"attachment-full size-full\" alt=\"\" \/>\t\t\t\t\t\t\t\t\t\t\t\t\t\t\t<\/div>\n\t\t\t\t<\/div>\n\t\t\t\t\t<\/div>\n\t\t<\/div>\n\t\t\t\t<div class=\"elementor-column elementor-col-50 elementor-top-column elementor-element elementor-element-709ca30 lakit-col-width-auto-no\" data-id=\"709ca30\" data-element_type=\"column\">\n\t\t\t<div class=\"elementor-widget-wrap elementor-element-populated\">\n\t\t\t\t\t\t\t\t<div class=\"elementor-element elementor-element-5cec0dd elementor-widget elementor-widget-heading\" data-id=\"5cec0dd\" data-element_type=\"widget\" data-widget_type=\"heading.default\">\n\t\t\t\t<div class=\"elementor-widget-container\">\n\t\t\t<h3 class=\"elementor-heading-title elementor-size-default\">\u00bfC\u00f3mo realizamos los mantenimientos y que hacemos en ellos?<\/h3>\t\t<\/div>\n\t\t\t\t<\/div>\n\t\t\t\t<div class=\"elementor-element elementor-element-aa236f4 elementor-widget elementor-widget-text-editor\" data-id=\"aa236f4\" data-element_type=\"widget\" data-widget_type=\"text-editor.default\">\n\t\t\t\t<div class=\"elementor-widget-container\">\n\t\t\t\t\t\t\t<p>Realizamos todo tipo de acciones destinadas a la conservaci\u00f3n del inmueble, rehabilitaciones y mantenimientos de edificios para prevenir cualquier tipo de deterioro. Todo esto lo hacemos posible mediante la limpieza, restauraci\u00f3n, mejora y seguimiento de las estructuras y de sus espacios.<\/p><p>Con el mantenimiento del edificio, se consigue una revalorizaci\u00f3n continua y se abaratan los costes de su arreglo. Tambi\u00e9n, es importante saber que con el continuo mantenimiento y control exhaustivo que realizamos desde Navarro T\u00e8cnics, ahorrar\u00e9is posibles grandes derramas de dinero en un futuro. Adem\u00e1s, el edificio tiene que pasar una inspecci\u00f3n t\u00e9cnica, en varias ocasiones, si no se ha realizado ning\u00fan mantenimiento constante, se pueden encontrar imperfecciones que impiden la correcta habilidad, y podr\u00eda poner en peligro los inquilinos o terceros que habitan en el edificio.<\/p><p>Antes de empezar un mantenimiento del inmueble activo, realizamos rehabilitaciones de edificios considerando: Instalaciones, Accesibilidades, Eficiencia y ahorro energ\u00e9tico, Habitabilidad de las zonas comunes y viviendas, restructuraci\u00f3n de espacios, etc.<\/p><p>Adem\u00e1s, tambi\u00e9n realizamos rehabilitaciones integrales en edificios donde intervenimos adem\u00e1s en estructura o cimentaci\u00f3n, cubiertas, redes de agua, instalaciones el\u00e9ctricas, cerramientos, fachada, revestimientos interiores, ascensores, etc.<\/p>\t\t\t\t\t\t<\/div>\n\t\t\t\t<\/div>\n\t\t\t\t\t<\/div>\n\t\t<\/div>\n\t\t\t\t\t\t\t<\/div>\n\t\t<\/div>\n\t\t\t\t<div class=\"elementor-section elementor-top-section elementor-element elementor-element-13ef36d elementor-section-boxed elementor-section-height-default elementor-section-height-default\" data-id=\"13ef36d\" data-element_type=\"section\">\n\t\t\t\t\t\t<div class=\"elementor-container elementor-column-gap-default\">\n\t\t\t\t\t<div class=\"elementor-column elementor-col-33 elementor-top-column elementor-element elementor-element-b719978 lakit-col-width-auto-no\" data-id=\"b719978\" data-element_type=\"column\">\n\t\t\t<div class=\"elementor-widget-wrap elementor-element-populated\">\n\t\t\t\t\t\t\t\t<div class=\"elementor-element elementor-element-bfcdaf3 elementor-align-right btn-nav btn-nav-next elementor-widget__width-auto elementor-widget elementor-widget-button\" data-id=\"bfcdaf3\" data-element_type=\"widget\" data-widget_type=\"button.default\">\n\t\t\t\t<div class=\"elementor-widget-container\">\n\t\t\t\t\t<div class=\"elementor-button-wrapper\">\n\t\t\t<a href=\"https:\/\/www.navarrotecnics.com\/es\/rehabilitacion-integral\/\" class=\"elementor-button-link elementor-button elementor-size-sm\" role=\"button\">\n\t\t\t\t\t\t<span class=\"elementor-button-content-wrapper\">\n\t\t\t\t\t\t\t<span class=\"elementor-button-icon elementor-align-icon-left\">\n\t\t\t\t<svg xmlns=\"http:\/\/www.w3.org\/2000\/svg\" width=\"103.792\" height=\"60.059\" viewBox=\"0 0 103.792 60.059\"><path d=\"M853.348,4724.094l-20.855,30.029-2.069-2.979,17.319-24.941H749.555v-4.217h98.187l-17.319-24.937,2.069-2.984Z\" transform=\"translate(853.348 4754.123) rotate(180)\" fill=\"#6c6666\"><\/path><\/svg>\t\t\t<\/span>\n\t\t\t\t\t\t<span class=\"elementor-button-text\">Reformas integrales y restauraciones<\/span>\n\t\t<\/span>\n\t\t\t\t\t<\/a>\n\t\t<\/div>\n\t\t\t\t<\/div>\n\t\t\t\t<\/div>\n\t\t\t\t\t<\/div>\n\t\t<\/div>\n\t\t\t\t<div class=\"elementor-column elementor-col-33 elementor-top-column elementor-element elementor-element-bb40a45 lakit-col-width-auto-no\" data-id=\"bb40a45\" data-element_type=\"column\">\n\t\t\t<div class=\"elementor-widget-wrap elementor-element-populated\">\n\t\t\t\t\t\t\t\t<div class=\"elementor-element elementor-element-713db56 elementor-align-center elementor-widget elementor-widget-button\" data-id=\"713db56\" data-element_type=\"widget\" data-widget_type=\"button.default\">\n\t\t\t\t<div class=\"elementor-widget-container\">\n\t\t\t\t\t<div class=\"elementor-button-wrapper\">\n\t\t\t<a href=\"https:\/\/www.navarrotecnics.com\/es\/#b2c\" class=\"elementor-button-link elementor-button elementor-size-sm\" role=\"button\">\n\t\t\t\t\t\t<span class=\"elementor-button-content-wrapper\">\n\t\t\t\t\t\t<span class=\"elementor-button-text\">Volver a los servicios<\/span>\n\t\t<\/span>\n\t\t\t\t\t<\/a>\n\t\t<\/div>\n\t\t\t\t<\/div>\n\t\t\t\t<\/div>\n\t\t\t\t\t<\/div>\n\t\t<\/div>\n\t\t\t\t<div class=\"elementor-column elementor-col-33 elementor-top-column elementor-element elementor-element-20e7b30 lakit-col-width-auto-no\" data-id=\"20e7b30\" data-element_type=\"column\">\n\t\t\t<div class=\"elementor-widget-wrap elementor-element-populated\">\n\t\t\t\t\t\t\t\t<div class=\"elementor-element elementor-element-7f1a395 elementor-align-right btn-nav btn-nav-next elementor-widget__width-auto elementor-widget elementor-widget-button\" data-id=\"7f1a395\" data-element_type=\"widget\" data-widget_type=\"button.default\">\n\t\t\t\t<div class=\"elementor-widget-container\">\n\t\t\t\t\t<div class=\"elementor-button-wrapper\">\n\t\t\t<a href=\"https:\/\/www.navarrotecnics.com\/es\/construccion-de-obra-nueva-casas-pasivas-passivhaus-y-viviendas-nzeb\/\" class=\"elementor-button-link elementor-button elementor-size-sm\" role=\"button\">\n\t\t\t\t\t\t<span class=\"elementor-button-content-wrapper\">\n\t\t\t\t\t\t\t<span class=\"elementor-button-icon elementor-align-icon-right\">\n\t\t\t\t<svg xmlns=\"http:\/\/www.w3.org\/2000\/svg\" width=\"154.177\" height=\"81\" viewBox=\"0 0 154.177 81\"><path d=\"M903.732,4734.563l-30.979,40.5-3.073-4.02,25.726-33.637H749.555v-5.686H895.406l-25.726-33.633,3.073-4.025Z\" transform=\"translate(-749.555 -4694.063)\" fill=\"#6c6666\"><\/path><\/svg>\t\t\t<\/span>\n\t\t\t\t\t\t<span class=\"elementor-button-text\">Construcci\u00f3n y obra nueva<\/span>\n\t\t<\/span>\n\t\t\t\t\t<\/a>\n\t\t<\/div>\n\t\t\t\t<\/div>\n\t\t\t\t<\/div>\n\t\t\t\t\t<\/div>\n\t\t<\/div>\n\t\t\t\t\t\t\t<\/div>\n\t\t<\/div>\n\t\t\t\t\t\t\t<\/div>\n\t\t","protected":false},"excerpt":{"rendered":"<p>B2C En Navarro t\u00e8cnics realizamos mantenimiento activo para la conservaci\u00f3n y prevenci\u00f3n de los inmuebles para evitar o anticiparnos a los problemas y abaratar los costes derivados de su soluci\u00f3n. Sobre todo, normalmente orientado a edificios hist\u00f3ricos [&hellip;]<\/p>\n","protected":false},"author":1,"featured_media":0,"parent":0,"menu_order":0,"comment_status":"closed","ping_status":"closed","template":"","meta":{"inline_featured_image":false,"footnotes":""},"class_list":["post-10262","page","type-page","status-publish","hentry"],"yoast_head":"<!-- This site is optimized with the Yoast SEO plugin v20.3 - https:\/\/yoast.com\/wordpress\/plugins\/seo\/ -->\n<title>Mantenimiento y rehabilitaci\u00f3n de edificios y viviendas - Navarro T\u00e8cnics<\/title>\n<meta name=\"robots\" content=\"index, follow, max-snippet:-1, max-image-preview:large, max-video-preview:-1\" \/>\n<link rel=\"canonical\" href=\"https:\/\/www.navarrotecnics.com\/es\/mantenimiento-y-rehabilitacion-de-edificios-y-viviendas\/\" \/>\n<meta property=\"og:locale\" content=\"es_ES\" \/>\n<meta property=\"og:type\" content=\"article\" \/>\n<meta property=\"og:title\" content=\"Mantenimiento y rehabilitaci\u00f3n de edificios y viviendas - Navarro T\u00e8cnics\" \/>\n<meta property=\"og:description\" content=\"B2C En Navarro t\u00e8cnics realizamos mantenimiento activo para la conservaci\u00f3n y prevenci\u00f3n de los inmuebles para evitar o anticiparnos a los problemas y abaratar los costes derivados de su soluci\u00f3n. Sobre todo, normalmente orientado a edificios hist\u00f3ricos [&hellip;]\" \/>\n<meta property=\"og:url\" content=\"https:\/\/www.navarrotecnics.com\/es\/mantenimiento-y-rehabilitacion-de-edificios-y-viviendas\/\" \/>\n<meta property=\"og:site_name\" content=\"Navarro T\u00e8cnics\" \/>\n<meta property=\"article:modified_time\" content=\"2022-04-12T15:20:11+00:00\" \/>\n<meta property=\"og:image\" content=\"https:\/\/www.navarrotecnics.com\/wp-content\/uploads\/2022\/03\/Interseccio\u0301n-40.jpg\" \/>\n<meta name=\"twitter:card\" content=\"summary_large_image\" \/>\n<meta name=\"twitter:label1\" content=\"Tiempo de lectura\" \/>\n\t<meta name=\"twitter:data1\" content=\"2 minutos\" \/>\n<script type=\"application\/ld+json\" class=\"yoast-schema-graph\">{\"@context\":\"https:\/\/schema.org\",\"@graph\":[{\"@type\":\"WebPage\",\"@id\":\"https:\/\/www.navarrotecnics.com\/es\/mantenimiento-y-rehabilitacion-de-edificios-y-viviendas\/\",\"url\":\"https:\/\/www.navarrotecnics.com\/es\/mantenimiento-y-rehabilitacion-de-edificios-y-viviendas\/\",\"name\":\"Mantenimiento y rehabilitaci\u00f3n de edificios y viviendas - Navarro T\u00e8cnics\",\"isPartOf\":{\"@id\":\"https:\/\/www.navarrotecnics.com\/#website\"},\"datePublished\":\"2022-03-13T11:27:31+00:00\",\"dateModified\":\"2022-04-12T15:20:11+00:00\",\"breadcrumb\":{\"@id\":\"https:\/\/www.navarrotecnics.com\/es\/mantenimiento-y-rehabilitacion-de-edificios-y-viviendas\/#breadcrumb\"},\"inLanguage\":\"es\",\"potentialAction\":[{\"@type\":\"ReadAction\",\"target\":[\"https:\/\/www.navarrotecnics.com\/es\/mantenimiento-y-rehabilitacion-de-edificios-y-viviendas\/\"]}]},{\"@type\":\"BreadcrumbList\",\"@id\":\"https:\/\/www.navarrotecnics.com\/es\/mantenimiento-y-rehabilitacion-de-edificios-y-viviendas\/#breadcrumb\",\"itemListElement\":[{\"@type\":\"ListItem\",\"position\":1,\"name\":\"Portada\",\"item\":\"https:\/\/www.navarrotecnics.com\/es\/\"},{\"@type\":\"ListItem\",\"position\":2,\"name\":\"Mantenimiento y rehabilitaci\u00f3n de edificios y viviendas\"}]},{\"@type\":\"WebSite\",\"@id\":\"https:\/\/www.navarrotecnics.com\/#website\",\"url\":\"https:\/\/www.navarrotecnics.com\/\",\"name\":\"Navarro T\u00e8cnics\",\"description\":\"Especialistes en el camp de la construcci\u00f3\",\"potentialAction\":[{\"@type\":\"SearchAction\",\"target\":{\"@type\":\"EntryPoint\",\"urlTemplate\":\"https:\/\/www.navarrotecnics.com\/?s={search_term_string}\"},\"query-input\":\"required name=search_term_string\"}],\"inLanguage\":\"es\"}]}<\/script>\n<!-- \/ Yoast SEO plugin. -->","yoast_head_json":{"title":"Mantenimiento y rehabilitaci\u00f3n de edificios y viviendas - Navarro T\u00e8cnics","robots":{"index":"index","follow":"follow","max-snippet":"max-snippet:-1","max-image-preview":"max-image-preview:large","max-video-preview":"max-video-preview:-1"},"canonical":"https:\/\/www.navarrotecnics.com\/es\/mantenimiento-y-rehabilitacion-de-edificios-y-viviendas\/","og_locale":"es_ES","og_type":"article","og_title":"Mantenimiento y rehabilitaci\u00f3n de edificios y viviendas - Navarro T\u00e8cnics","og_description":"B2C En Navarro t\u00e8cnics realizamos mantenimiento activo para la conservaci\u00f3n y prevenci\u00f3n de los inmuebles para evitar o anticiparnos a los problemas y abaratar los costes derivados de su soluci\u00f3n. Sobre todo, normalmente orientado a edificios hist\u00f3ricos [&hellip;]","og_url":"https:\/\/www.navarrotecnics.com\/es\/mantenimiento-y-rehabilitacion-de-edificios-y-viviendas\/","og_site_name":"Navarro T\u00e8cnics","article_modified_time":"2022-04-12T15:20:11+00:00","og_image":[{"url":"https:\/\/www.navarrotecnics.com\/wp-content\/uploads\/2022\/03\/Interseccio\u0301n-40.jpg"}],"twitter_card":"summary_large_image","twitter_misc":{"Tiempo de lectura":"2 minutos"},"schema":{"@context":"https:\/\/schema.org","@graph":[{"@type":"WebPage","@id":"https:\/\/www.navarrotecnics.com\/es\/mantenimiento-y-rehabilitacion-de-edificios-y-viviendas\/","url":"https:\/\/www.navarrotecnics.com\/es\/mantenimiento-y-rehabilitacion-de-edificios-y-viviendas\/","name":"Mantenimiento y rehabilitaci\u00f3n de edificios y viviendas - Navarro T\u00e8cnics","isPartOf":{"@id":"https:\/\/www.navarrotecnics.com\/#website"},"datePublished":"2022-03-13T11:27:31+00:00","dateModified":"2022-04-12T15:20:11+00:00","breadcrumb":{"@id":"https:\/\/www.navarrotecnics.com\/es\/mantenimiento-y-rehabilitacion-de-edificios-y-viviendas\/#breadcrumb"},"inLanguage":"es","potentialAction":[{"@type":"ReadAction","target":["https:\/\/www.navarrotecnics.com\/es\/mantenimiento-y-rehabilitacion-de-edificios-y-viviendas\/"]}]},{"@type":"BreadcrumbList","@id":"https:\/\/www.navarrotecnics.com\/es\/mantenimiento-y-rehabilitacion-de-edificios-y-viviendas\/#breadcrumb","itemListElement":[{"@type":"ListItem","position":1,"name":"Portada","item":"https:\/\/www.navarrotecnics.com\/es\/"},{"@type":"ListItem","position":2,"name":"Mantenimiento y rehabilitaci\u00f3n de edificios y viviendas"}]},{"@type":"WebSite","@id":"https:\/\/www.navarrotecnics.com\/#website","url":"https:\/\/www.navarrotecnics.com\/","name":"Navarro T\u00e8cnics","description":"Especialistes en el camp de la construcci\u00f3","potentialAction":[{"@type":"SearchAction","target":{"@type":"EntryPoint","urlTemplate":"https:\/\/www.navarrotecnics.com\/?s={search_term_string}"},"query-input":"required name=search_term_string"}],"inLanguage":"es"}]}},"_links":{"self":[{"href":"https:\/\/www.navarrotecnics.com\/es\/wp-json\/wp\/v2\/pages\/10262","targetHints":{"allow":["GET"]}}],"collection":[{"href":"https:\/\/www.navarrotecnics.com\/es\/wp-json\/wp\/v2\/pages"}],"about":[{"href":"https:\/\/www.navarrotecnics.com\/es\/wp-json\/wp\/v2\/types\/page"}],"author":[{"embeddable":true,"href":"https:\/\/www.navarrotecnics.com\/es\/wp-json\/wp\/v2\/users\/1"}],"replies":[{"embeddable":true,"href":"https:\/\/www.navarrotecnics.com\/es\/wp-json\/wp\/v2\/comments?post=10262"}],"version-history":[{"count":4,"href":"https:\/\/www.navarrotecnics.com\/es\/wp-json\/wp\/v2\/pages\/10262\/revisions"}],"predecessor-version":[{"id":10532,"href":"https:\/\/www.navarrotecnics.com\/es\/wp-json\/wp\/v2\/pages\/10262\/revisions\/10532"}],"wp:attachment":[{"href":"https:\/\/www.navarrotecnics.com\/es\/wp-json\/wp\/v2\/media?parent=10262"}],"curies":[{"name":"wp","href":"https:\/\/api.w.org\/{rel}","templated":true}]}}